{"id":104,"date":"2025-02-15T00:49:31","date_gmt":"2025-02-14T23:49:31","guid":{"rendered":"https:\/\/www.arts-martiaux-coreens.com\/?page_id=104"},"modified":"2025-02-15T00:49:31","modified_gmt":"2025-02-14T23:49:31","slug":"rhykwon","status":"publish","type":"page","link":"https:\/\/www.arts-martiaux-coreens.com\/?page_id=104","title":{"rendered":"RHYKWON"},"content":{"rendered":"\n<p>noms : rhykwon, rhy-kwon, rhy kwon<\/p>\n\n\n\n<p>principe : actvit\u00e9 sportive issue du Taekwondo<\/p>\n\n\n\n<p>origine : Cor\u00e9e du sud<\/p>\n\n\n\n<p>Pr\u00e9sentation :<\/p>\n\n\n\n<p>Le rhykwon est un sport d\u00e9riv\u00e9 du Taekwondo. Il en reprend certaines techniques de combat et de pr\u00e9paration physique.<\/p>\n\n\n\n<p>Les techniques de percussions (et aussi sur des sacs de frappes) sont tr\u00e8s pr\u00e9sentes. La tenue est un m\u00e9lange de dobok (tenue de Taekwondo) et de tenue de sports.<\/p>\n\n\n\n<p>Le rhykwon ressemble sur certains aspects au Body Taekwondo (tenue de sport, musique, exercice de cardios, etc..).<\/p>\n\n\n\n<p>Ce sport est \u00e9galement proche du Tae Bo.<\/p>\n\n\n\n<p>Ce sport est principalement pratiqu\u00e9 en Cor\u00e9e du sud.<\/p>\n\n\n\n<p>Vid\u00e9os :<\/p>\n\n\n\n<figure class=\"wp-block-embed is-type-video is-provider-youtube wp-block-embed-youtube wp-embed-aspect-4-3 wp-has-aspect-ratio\"><div class=\"wp-block-embed__wrapper\">\n<iframe loading=\"lazy\" title=\"Do you Know RHYKWON?\" width=\"584\" height=\"438\" src=\"https:\/\/www.youtube.com\/embed\/7cCemcDfMJw?feature=oembed\" frameborder=\"0\" allow=\"accelerometer; autoplay; clipboard-write; encrypted-media; gyroscope; picture-in-picture; web-share\" referrerpolicy=\"strict-origin-when-cross-origin\" allowfullscreen><\/iframe>\n<\/div><\/figure>\n\n\n\n<figure class=\"wp-block-embed is-type-video is-provider-youtube wp-block-embed-youtube wp-embed-aspect-16-9 wp-has-aspect-ratio\"><div class=\"wp-block-embed__wrapper\">\n<iframe loading=\"lazy\" title=\"\uac15\uacbd\ud654 \uc11d\uc0ac \ud0dc\uad8c\ub3c4\/  \ub9ac\uad8c\ub2e4\uc774\uc5b4\ud2b84\uae30.5\uae30 \uac80\uc740\ub760 \uac80\uc815\uacfc\uc815- alos on dance\" width=\"584\" height=\"329\" src=\"https:\/\/www.youtube.com\/embed\/hTo4oM43_2Q?feature=oembed\" frameborder=\"0\" allow=\"accelerometer; autoplay; clipboard-write; encrypted-media; gyroscope; picture-in-picture; web-share\" referrerpolicy=\"strict-origin-when-cross-origin\" allowfullscreen><\/iframe>\n<\/div><\/figure>\n\n\n\n<figure class=\"wp-block-embed is-type-video is-provider-youtube wp-block-embed-youtube wp-embed-aspect-4-3 wp-has-aspect-ratio\"><div class=\"wp-block-embed__wrapper\">\n<iframe loading=\"lazy\" title=\"Korea RhyKwon Association 10th Poomsae Taekwon Dance - Girl&#039;s generation &#039;Oh&#039;\" width=\"584\" height=\"438\" src=\"https:\/\/www.youtube.com\/embed\/vaLgCBLeQEc?feature=oembed\" frameborder=\"0\" allow=\"accelerometer; autoplay; clipboard-write; encrypted-media; gyroscope; picture-in-picture; web-share\" referrerpolicy=\"strict-origin-when-cross-origin\" allowfullscreen><\/iframe>\n<\/div><\/figure>\n\n\n\n<p>Liens :<\/p>\n\n\n\n<p>http:\/\/www.rhykwon.com\/<\/p>\n\n\n\n<pre class=\"wp-block-code\"><code><\/code><\/pre>\n","protected":false},"excerpt":{"rendered":"<p>noms : rhykwon, rhy-kwon, rhy kwon principe : actvit\u00e9 sportive issue du Taekwondo origine : Cor\u00e9e du sud Pr\u00e9sentation : Le rhykwon est un sport d\u00e9riv\u00e9 du Taekwondo. Il en reprend certaines techniques de combat et de pr\u00e9paration physique. Les &hellip; <a href=\"https:\/\/www.arts-martiaux-coreens.com\/?page_id=104\">Continuer la lecture <span class=\"meta-nav\">&rarr;<\/span><\/a><\/p>\n","protected":false},"author":1,"featured_media":0,"parent":0,"menu_order":0,"comment_status":"closed","ping_status":"closed","template":"","meta":{"footnotes":""},"class_list":["post-104","page","type-page","status-publish","hentry"],"_links":{"self":[{"href":"https:\/\/www.arts-martiaux-coreens.com\/index.php?rest_route=\/wp\/v2\/pages\/104","targetHints":{"allow":["GET"]}}],"collection":[{"href":"https:\/\/www.arts-martiaux-coreens.com\/index.php?rest_route=\/wp\/v2\/pages"}],"about":[{"href":"https:\/\/www.arts-martiaux-coreens.com\/index.php?rest_route=\/wp\/v2\/types\/page"}],"author":[{"embeddable":true,"href":"https:\/\/www.arts-martiaux-coreens.com\/index.php?rest_route=\/wp\/v2\/users\/1"}],"replies":[{"embeddable":true,"href":"https:\/\/www.arts-martiaux-coreens.com\/index.php?rest_route=%2Fwp%2Fv2%2Fcomments&post=104"}],"version-history":[{"count":1,"href":"https:\/\/www.arts-martiaux-coreens.com\/index.php?rest_route=\/wp\/v2\/pages\/104\/revisions"}],"predecessor-version":[{"id":105,"href":"https:\/\/www.arts-martiaux-coreens.com\/index.php?rest_route=\/wp\/v2\/pages\/104\/revisions\/105"}],"wp:attachment":[{"href":"https:\/\/www.arts-martiaux-coreens.com\/index.php?rest_route=%2Fwp%2Fv2%2Fmedia&parent=104"}],"curies":[{"name":"wp","href":"https:\/\/api.w.org\/{rel}","templated":true}]}}