{"id":108,"date":"2025-02-15T00:51:44","date_gmt":"2025-02-14T23:51:44","guid":{"rendered":"https:\/\/www.arts-martiaux-coreens.com\/?page_id=108"},"modified":"2025-02-15T00:51:44","modified_gmt":"2025-02-14T23:51:44","slug":"tae-bo","status":"publish","type":"page","link":"https:\/\/www.arts-martiaux-coreens.com\/?page_id=108","title":{"rendered":"TAE BO"},"content":{"rendered":"\n<p>noms : tae bo, tae-bo, taebo, tae bo fitness<\/p>\n\n\n\n<p>principe : activit\u00e9 sportive issue du taekwondo et de la boxe<\/p>\n\n\n\n<p>origine : \u00e9tats-unis<\/p>\n\n\n\n<p>fondateur : Billy BLANKS<\/p>\n\n\n\n<p>Pr\u00e9sentation :<\/p>\n\n\n\n<p>Le tae bo est une activit\u00e9 sportive inspir\u00e9e du taekwondo et de la boxe.<\/p>\n\n\n\n<p>Il a \u00e9t\u00e9 cr\u00e9\u00e9 par Billy BLANKS un ancien champion de taekwondo, et com\u00e9dien de cin\u00e9ma et t\u00e9l\u00e9vision.<\/p>\n\n\n\n<p>Ce sport a des similitudes avec le Rhykwon et le Body Taekwondo (exercices de cardio, fitness, percussions, etc.).<\/p>\n\n\n\n<p>Vid\u00e9os :<\/p>\n\n\n\n<figure class=\"wp-block-embed is-type-video is-provider-youtube wp-block-embed-youtube wp-embed-aspect-16-9 wp-has-aspect-ratio\"><div class=\"wp-block-embed__wrapper\">\n<iframe loading=\"lazy\" title=\"Billy Blanks Tae Bo\u00ae Extreme Workout Special!\" width=\"584\" height=\"329\" src=\"https:\/\/www.youtube.com\/embed\/GMQ1063xrVQ?feature=oembed\" frameborder=\"0\" allow=\"accelerometer; autoplay; clipboard-write; encrypted-media; gyroscope; picture-in-picture; web-share\" referrerpolicy=\"strict-origin-when-cross-origin\" allowfullscreen><\/iframe>\n<\/div><\/figure>\n\n\n\n<p>Liens :<\/p>\n\n\n\n<p><a href=\"https:\/\/fr.wikipedia.org\/wiki\/Tae_Bo\">https:\/\/fr.wikipedia.org\/wiki\/Tae_Bo<\/a><\/p>\n\n\n\n<p><a href=\"https:\/\/www.taebo.com\">https:\/\/www.taebo.com<\/a><\/p>\n\n\n\n<p>http:\/\/www.imdb.com\/name\/nm0087593\/?ref_=fn_al_nm_1<\/p>\n","protected":false},"excerpt":{"rendered":"<p>noms : tae bo, tae-bo, taebo, tae bo fitness principe : activit\u00e9 sportive issue du taekwondo et de la boxe origine : \u00e9tats-unis fondateur : Billy BLANKS Pr\u00e9sentation : Le tae bo est une activit\u00e9 sportive inspir\u00e9e du taekwondo et &hellip; <a href=\"https:\/\/www.arts-martiaux-coreens.com\/?page_id=108\">Continuer la lecture <span class=\"meta-nav\">&rarr;<\/span><\/a><\/p>\n","protected":false},"author":1,"featured_media":0,"parent":0,"menu_order":0,"comment_status":"closed","ping_status":"closed","template":"","meta":{"footnotes":""},"class_list":["post-108","page","type-page","status-publish","hentry"],"_links":{"self":[{"href":"https:\/\/www.arts-martiaux-coreens.com\/index.php?rest_route=\/wp\/v2\/pages\/108","targetHints":{"allow":["GET"]}}],"collection":[{"href":"https:\/\/www.arts-martiaux-coreens.com\/index.php?rest_route=\/wp\/v2\/pages"}],"about":[{"href":"https:\/\/www.arts-martiaux-coreens.com\/index.php?rest_route=\/wp\/v2\/types\/page"}],"author":[{"embeddable":true,"href":"https:\/\/www.arts-martiaux-coreens.com\/index.php?rest_route=\/wp\/v2\/users\/1"}],"replies":[{"embeddable":true,"href":"https:\/\/www.arts-martiaux-coreens.com\/index.php?rest_route=%2Fwp%2Fv2%2Fcomments&post=108"}],"version-history":[{"count":1,"href":"https:\/\/www.arts-martiaux-coreens.com\/index.php?rest_route=\/wp\/v2\/pages\/108\/revisions"}],"predecessor-version":[{"id":109,"href":"https:\/\/www.arts-martiaux-coreens.com\/index.php?rest_route=\/wp\/v2\/pages\/108\/revisions\/109"}],"wp:attachment":[{"href":"https:\/\/www.arts-martiaux-coreens.com\/index.php?rest_route=%2Fwp%2Fv2%2Fmedia&parent=108"}],"curies":[{"name":"wp","href":"https:\/\/api.w.org\/{rel}","templated":true}]}}