{"id":125,"date":"2025-02-15T01:03:35","date_gmt":"2025-02-15T00:03:35","guid":{"rendered":"https:\/\/www.arts-martiaux-coreens.com\/?page_id=125"},"modified":"2025-02-15T01:03:35","modified_gmt":"2025-02-15T00:03:35","slug":"kunmudo","status":"publish","type":"page","link":"https:\/\/www.arts-martiaux-coreens.com\/?page_id=125","title":{"rendered":"KUNMUDO"},"content":{"rendered":"\n<p>noms : kunmudo, kun mu do, gunmudo, gun mu do<\/p>\n\n\n\n<p>principe : art martial avec des notions artistiques<\/p>\n\n\n\n<p>origine : cor\u00e9e<\/p>\n\n\n\n<p>fondateur : \u00e9cole du Hwarangdo<\/p>\n\n\n\n<p>Pr\u00e9sentation :<\/p>\n\n\n\n<p>Le kunmudo est un art martial utilisant des techniques de combat avec la danse et la musique (un autre art-martial tel le taekkyon utilise lui aussi des techniques de combat proche la danse).<\/p>\n\n\n\n<p>Le kunmudo se compare \u00e0 une \u00ab danse de combat \u00bb.<\/p>\n\n\n\n<p>Les premi\u00e8res origines du kunmudo viendrait de l\u2019enseignement du hwarangdo.<\/p>\n\n\n\n<p>Les pratiquants portent comme tenue le hanbok. Le hanbok est le v\u00eatement traditionnel cor\u00e9en.<\/p>\n\n\n\n<p>Le maniement des armes (sabre cor\u00e9en, b\u00e2ton, etc.), et aussi de l\u2019\u00e9quitation peuvent \u00eatre instruits.<\/p>\n\n\n\n<p>Vid\u00e9os :<\/p>\n\n\n\n<figure class=\"wp-block-embed is-type-video is-provider-youtube wp-block-embed-youtube wp-embed-aspect-16-9 wp-has-aspect-ratio\"><div class=\"wp-block-embed__wrapper\">\n<iframe loading=\"lazy\" title=\"Kunmudo - war dance of the ancient Korean warriors \/ Kunmudo - \u0431\u043e\u0435\u0432\u043e\u0439 \u0442\u0430\u043d\u0435\u0446 \u0434\u0440\u0435\u0432\u043d\u0438\u0445 \u043a\u043e\u0440\u0435\u0439\u0441\u043a\u0438\u0445 \u0432\u043e\u0438\u043d\u043e\u0432\" width=\"584\" height=\"329\" src=\"https:\/\/www.youtube.com\/embed\/lk24Cawngqs?feature=oembed\" frameborder=\"0\" allow=\"accelerometer; autoplay; clipboard-write; encrypted-media; gyroscope; picture-in-picture; web-share\" referrerpolicy=\"strict-origin-when-cross-origin\" allowfullscreen><\/iframe>\n<\/div><\/figure>\n\n\n\n<figure class=\"wp-block-embed is-type-video is-provider-youtube wp-block-embed-youtube wp-embed-aspect-16-9 wp-has-aspect-ratio\"><div class=\"wp-block-embed__wrapper\">\n<iframe loading=\"lazy\" title=\"Kunmudo - Korean martial art.  Chungju World Martial Arts Festival\" width=\"584\" height=\"329\" src=\"https:\/\/www.youtube.com\/embed\/2UsVxwkYt1Q?start=3&#038;feature=oembed\" frameborder=\"0\" allow=\"accelerometer; autoplay; clipboard-write; encrypted-media; gyroscope; picture-in-picture; web-share\" referrerpolicy=\"strict-origin-when-cross-origin\" allowfullscreen><\/iframe>\n<\/div><\/figure>\n\n\n\n<figure class=\"wp-block-embed is-type-video is-provider-youtube wp-block-embed-youtube wp-embed-aspect-16-9 wp-has-aspect-ratio\"><div class=\"wp-block-embed__wrapper\">\n<iframe loading=\"lazy\" title=\"\u041a\u041e\u0420\u0415\u0419\u0421\u041a\u041e\u0415 \u0411\u041e\u0415\u0412\u041e\u0415  \u0418\u0421\u041a\u0423\u0421\u0421\u0422\u0412\u041e \u041a\u0423\u041d\u041c\u0423\u0414\u041e - \u041c\u0415\u0414\u0418\u0422\u0410\u0426\u0418\u042f \u0412 \u0414\u0412\u0418\u0416\u0415\u041d\u0418\u0418 \u0421 \u041c\u0415\u0427\u041e\u041c.  \u0411\u041e\u0415\u0412\u042b\u0415 \u0418\u0421\u041a\u0423\u0421\u0421\u0422\u0412\u0410 \u041c\u0418\u0420\u0410.\" width=\"584\" height=\"329\" src=\"https:\/\/www.youtube.com\/embed\/F8CUEEyPAa8?feature=oembed\" frameborder=\"0\" allow=\"accelerometer; autoplay; clipboard-write; encrypted-media; gyroscope; picture-in-picture; web-share\" referrerpolicy=\"strict-origin-when-cross-origin\" allowfullscreen><\/iframe>\n<\/div><\/figure>\n\n\n\n<p>Liens :<\/p>\n\n\n\n<p>http:\/\/www.parandeul.co.kr\/kun_overview.htm<\/p>\n\n\n\n<p><a href=\"https:\/\/en.wikipedia.org\/wiki\/Kunmudo\">https:\/\/en.wikipedia.org\/wiki\/Kunmudo<\/a><\/p>\n\n\n\n<p><a href=\"https:\/\/fr.wikipedia.org\/wiki\/Hanbok\">https:\/\/fr.wikipedia.org\/wiki\/Hanbok<\/a><\/p>\n","protected":false},"excerpt":{"rendered":"<p>noms : kunmudo, kun mu do, gunmudo, gun mu do principe : art martial avec des notions artistiques origine : cor\u00e9e fondateur : \u00e9cole du Hwarangdo Pr\u00e9sentation : Le kunmudo est un art martial utilisant des techniques de combat avec &hellip; <a href=\"https:\/\/www.arts-martiaux-coreens.com\/?page_id=125\">Continuer la lecture <span class=\"meta-nav\">&rarr;<\/span><\/a><\/p>\n","protected":false},"author":1,"featured_media":0,"parent":0,"menu_order":0,"comment_status":"closed","ping_status":"closed","template":"","meta":{"footnotes":""},"class_list":["post-125","page","type-page","status-publish","hentry"],"_links":{"self":[{"href":"https:\/\/www.arts-martiaux-coreens.com\/index.php?rest_route=\/wp\/v2\/pages\/125","targetHints":{"allow":["GET"]}}],"collection":[{"href":"https:\/\/www.arts-martiaux-coreens.com\/index.php?rest_route=\/wp\/v2\/pages"}],"about":[{"href":"https:\/\/www.arts-martiaux-coreens.com\/index.php?rest_route=\/wp\/v2\/types\/page"}],"author":[{"embeddable":true,"href":"https:\/\/www.arts-martiaux-coreens.com\/index.php?rest_route=\/wp\/v2\/users\/1"}],"replies":[{"embeddable":true,"href":"https:\/\/www.arts-martiaux-coreens.com\/index.php?rest_route=%2Fwp%2Fv2%2Fcomments&post=125"}],"version-history":[{"count":1,"href":"https:\/\/www.arts-martiaux-coreens.com\/index.php?rest_route=\/wp\/v2\/pages\/125\/revisions"}],"predecessor-version":[{"id":126,"href":"https:\/\/www.arts-martiaux-coreens.com\/index.php?rest_route=\/wp\/v2\/pages\/125\/revisions\/126"}],"wp:attachment":[{"href":"https:\/\/www.arts-martiaux-coreens.com\/index.php?rest_route=%2Fwp%2Fv2%2Fmedia&parent=125"}],"curies":[{"name":"wp","href":"https:\/\/api.w.org\/{rel}","templated":true}]}}