{"id":21,"date":"2025-02-14T23:39:50","date_gmt":"2025-02-14T22:39:50","guid":{"rendered":"https:\/\/www.arts-martiaux-coreens.com\/?page_id=21"},"modified":"2026-01-21T18:14:11","modified_gmt":"2026-01-21T17:14:11","slug":"accueil","status":"publish","type":"page","link":"https:\/\/www.arts-martiaux-coreens.com\/","title":{"rendered":"ACCUEIL"},"content":{"rendered":"\n<p>Bienvenue sur le site arts-martiaux-coreens.com .<\/p>\n\n\n\n<p>Le site est dans une nouvelle version 2026, et est actuellement toujours en travaux.<\/p>\n\n\n\n<p>Ce site a pour objectif de pr\u00e9senter les diff\u00e9rents arts martiaux originaires de Cor\u00e9e.<\/p>\n\n\n\n<figure class=\"wp-block-image size-full\"><img loading=\"lazy\" decoding=\"async\" width=\"251\" height=\"198\" src=\"https:\/\/www.arts-martiaux-coreens.com\/wp-content\/uploads\/2025\/02\/drapeau-coree-du-sud-1.jpg\" alt=\"\" class=\"wp-image-102\"\/><\/figure>\n\n\n\n<p>Certains arts martiaux cor\u00e9ens sont plut\u00f4t connus (ex : le taekwondo, l\u2019hapkido), tandis que d\u2019autres sont plus anciens (ex : le taekkyon, le subak), ou plus confidentiels (ex : le bulmudo) .<\/p>\n\n\n\n<p>Certains sports issus de ces arts martiaux cor\u00e9ens sont aussi apparus (ex : le rhykwon, le tae bo, le combaton).<\/p>\n\n\n\n<p>C\u2019est cette diversit\u00e9 de pratiques martiales qui fait la richesse des arts martiaux cor\u00e9ens.<\/p>\n\n\n\n<p>Bonne visite \u00e0 toutes et \u00e0 tous.<\/p>\n\n\n\n<p>FH, le webmaster (arts-martiaux-coreens@outlook.fr)<\/p>\n\n\n\n<p>Informations importantes \u00e0 lire :<\/p>\n\n\n\n<p>Il est conseill\u00e9 avant de pratiquer un sport ou un art martial, de consulter un m\u00e9decin pour avoir l\u2019autorisation de commencer.<\/p>\n\n\n\n<p>Pour des raisons de qualit\u00e9 d\u2019enseignements et de s\u00e9curit\u00e9, il est conseill\u00e9 de s\u2019assurer que le club dans lequel vous souhaitez vous entrainez est reconnu et d\u00e9clar\u00e9 aupr\u00e8s des administrations officielles comp\u00e9tentes de votre \u00e9tat, et que les professeurs et instructeurs ont les dipl\u00f4mes requis. Certaines techniques martiales sont dangereuses et doivent \u00eatre pratiqu\u00e9es avec des enseignants correctement form\u00e9s et dans des conditions de s\u00e9curit\u00e9 adapt\u00e9es. <\/p>\n\n\n\n<p>Le site n\u2019est pas responsable des cons\u00e9quences directes ou indirectes, tant sur les biens que sur les personnes, des informations pr\u00e9sentes sur le site, et des liens vers des sites internet et vid\u00e9os mentionn\u00e9s dans le site (qui ne sont pas h\u00e9berg\u00e9s par nous). Tous les noms, logos, marques, cr\u00e9ations sont d\u00e9pos\u00e9s par leurs propri\u00e9taires respectifs. Toutes les informations sont \u00e0 titres informatives et sont modifiables sans pr\u00e9avis. En cas de probl\u00e8mes merci de bien vouloir nous contacter. Les images pr\u00e9sentes dans ce site sont sous Licence de Documentation Libre GNU (GFDL) \u2013 wiki commons (sauf mentions). Tous droits r\u00e9serv\u00e9s arts-martiaux-coreens.com .<\/p>\n\n\n\n<p>Mots cl\u00e9s : arts martiaux cor\u00e9ens, arts martiaux cor\u00e9e, arts martiaux coreens, arts martiaux coree, art martial cor\u00e9en, art martial coreen, taekwondo, tae kwon do, hapkido, hap ki do, bulmudo, bul mudo, bulmoodo, bul moodo, haidong gumdo, hankumudo, hankido, han ki do, ankido, hapkido, hap ki do, hapkimudo, hap ki mu do, hoshin moosol, hwarangdo, hwa rang do, sonrang, muyejebo, muyechebo, Muyesinbo, Muyeshinbo, para-taekwondo, para- tae kon do, taekwondo paraolympique, shin bop, sul sa do, sonmudo, son mu do, sunmudo, sun mu do, yoga cor\u00e9en, kum kan yung kwan, ssang jul gon, mouhebong, ssireum, lutte cor\u00e9enne, subak, su bak do, soobak, soo bak do, tae soo do, taesoodo, taekkyon, taekkyeon, taekgyeon, taekyun, taekyon, tae kyon, taekwondo ITF, tae kwon do ITF, taekwondo mouhebong, tae kwon do mouhebong, World Taekwondo, taekwondo WT, taekwondo WTF, tae kwon do WTF, taekwonkido, tangsoodo, tang soo do, tangsudo, tang su do, yudo, Kyeoktooki, Kyeok too ki, kyuktooki, kyuk too ki, MUSAT, M.U.S.A.T, Kungekdo, Kun Gek Do, Kuk Sool Won, kuksoolwon, Guk Sul Weon, Kuk Sul W\u01d2n, combaton, tae bo, tae-bo, taebo, tae bo fitness, rhykwon, rhy-kwon, rhy kwon, kwonbop, kwon bop, kownbup, kwon bup, gwonbeop, gwon beop, sundo, kouk sun do, kouksundo, Yongmoodo, yong moo do, Yusool, yu sool, yusul, yu sul, hapkido gongkwon yusul<\/p>\n\n\n\n<pre class=\"wp-block-code\"><code><\/code><\/pre>\n","protected":false},"excerpt":{"rendered":"<p>Bienvenue sur le site arts-martiaux-coreens.com . Le site est dans une nouvelle version 2026, et est actuellement toujours en travaux. Ce site a pour objectif de pr\u00e9senter les diff\u00e9rents arts martiaux originaires de Cor\u00e9e. Certains arts martiaux cor\u00e9ens sont plut\u00f4t &hellip; <a href=\"https:\/\/www.arts-martiaux-coreens.com\/\">Continuer la lecture <span class=\"meta-nav\">&rarr;<\/span><\/a><\/p>\n","protected":false},"author":1,"featured_media":0,"parent":0,"menu_order":0,"comment_status":"closed","ping_status":"closed","template":"","meta":{"footnotes":""},"class_list":["post-21","page","type-page","status-publish","hentry"],"_links":{"self":[{"href":"https:\/\/www.arts-martiaux-coreens.com\/index.php?rest_route=\/wp\/v2\/pages\/21","targetHints":{"allow":["GET"]}}],"collection":[{"href":"https:\/\/www.arts-martiaux-coreens.com\/index.php?rest_route=\/wp\/v2\/pages"}],"about":[{"href":"https:\/\/www.arts-martiaux-coreens.com\/index.php?rest_route=\/wp\/v2\/types\/page"}],"author":[{"embeddable":true,"href":"https:\/\/www.arts-martiaux-coreens.com\/index.php?rest_route=\/wp\/v2\/users\/1"}],"replies":[{"embeddable":true,"href":"https:\/\/www.arts-martiaux-coreens.com\/index.php?rest_route=%2Fwp%2Fv2%2Fcomments&post=21"}],"version-history":[{"count":7,"href":"https:\/\/www.arts-martiaux-coreens.com\/index.php?rest_route=\/wp\/v2\/pages\/21\/revisions"}],"predecessor-version":[{"id":163,"href":"https:\/\/www.arts-martiaux-coreens.com\/index.php?rest_route=\/wp\/v2\/pages\/21\/revisions\/163"}],"wp:attachment":[{"href":"https:\/\/www.arts-martiaux-coreens.com\/index.php?rest_route=%2Fwp%2Fv2%2Fmedia&parent=21"}],"curies":[{"name":"wp","href":"https:\/\/api.w.org\/{rel}","templated":true}]}}