{"id":27,"date":"2025-02-14T23:47:07","date_gmt":"2025-02-14T22:47:07","guid":{"rendered":"https:\/\/www.arts-martiaux-coreens.com\/?page_id=27"},"modified":"2025-02-20T22:45:21","modified_gmt":"2025-02-20T21:45:21","slug":"hapkido","status":"publish","type":"page","link":"https:\/\/www.arts-martiaux-coreens.com\/?page_id=27","title":{"rendered":"HAPKIDO"},"content":{"rendered":"\n<p>noms : hapkido, hap ki do, Yu Kwon Sul Hap Ki Do<\/p>\n\n\n\n<p>principe : art martial<\/p>\n\n\n\n<p>origine : 1951 en Cor\u00e9e<\/p>\n\n\n\n<p>fondateur : Grand Ma\u00eetre CHOI Yong-Sul (1904\u20131986)<\/p>\n\n\n\n<p>Pr\u00e9sentation :<\/p>\n\n\n\n<p>La traduction et signification de hapkido est harmonie-union (hap), \u00e9nergie (ki), esprit-voie (do).<\/p>\n\n\n\n<p>L\u2019hapkido se base sur des percussions (coups de poings et de pieds), et aussi sur des cl\u00e9s, des saisies, et des projections.<\/p>\n\n\n\n<p>Le fondateur historique de l\u2019hapkido est le Grand Ma\u00eetre CHOI Yong-Sul (1904\u20131986). Apr\u00e8s avoir v\u00e9cu de nombreuses ann\u00e9es au Japon durant lesquelles il apprenna les arts martiaux, il revient en Cor\u00e9e apr\u00e8s la seconde guerre mondiale en 1946. Il fonda ensuite l\u2019\u00e9cole \u00ab Yu Kwon Sul Hap Ki Dojang \u00bb, qui deviendra l\u2019hapkido.<\/p>\n\n\n\n<p>De son enseignement initial, plusieurs ma\u00eetres d\u2019hapkido sont issus, dont le Grand Ma\u00eetre Ji Han Jae.<\/p>\n\n\n\n<p>Technique de projection en hapkido.<\/p>\n\n\n\n<figure class=\"wp-block-image size-full\"><img loading=\"lazy\" decoding=\"async\" width=\"640\" height=\"480\" src=\"https:\/\/www.arts-martiaux-coreens.com\/wp-content\/uploads\/2025\/02\/arts-martiaux-coreens-wiki-commons-hapkido-02.jpg\" alt=\"\" class=\"wp-image-28\" srcset=\"https:\/\/www.arts-martiaux-coreens.com\/wp-content\/uploads\/2025\/02\/arts-martiaux-coreens-wiki-commons-hapkido-02.jpg 640w, https:\/\/www.arts-martiaux-coreens.com\/wp-content\/uploads\/2025\/02\/arts-martiaux-coreens-wiki-commons-hapkido-02-300x225.jpg 300w, https:\/\/www.arts-martiaux-coreens.com\/wp-content\/uploads\/2025\/02\/arts-martiaux-coreens-wiki-commons-hapkido-02-400x300.jpg 400w\" sizes=\"auto, (max-width: 640px) 100vw, 640px\" \/><\/figure>\n\n\n\n<p>Il existe dor\u00e9navant diff\u00e9rentes \u00e9coles et f\u00e9d\u00e9rations d\u2019hapkido (liste non exhaustives) :<\/p>\n\n\n\n<p>\u2013 jungki kwan hapkido<\/p>\n\n\n\n<p>\u2013 daehan hapkido<\/p>\n\n\n\n<p>\u2013 hapkimudo<\/p>\n\n\n\n<p>\u2013 hanguk hapkido<\/p>\n\n\n\n<p>\u2013 sin-moo hapkido,<\/p>\n\n\n\n<p>\u2013 Chon-Tu Kwan Hapkido<\/p>\n\n\n\n<p>Pratique au sol de l\u2019hapkido<\/p>\n\n\n\n<p>Dans certaines \u00e9coles d\u2019hapkido, le maniement de diff\u00e9rentes armes (sabre, b\u00e2ton, canne, etc.) est aussi enseign\u00e9.<\/p>\n\n\n\n<p>Vid\u00e9os :<\/p>\n\n\n\n<figure class=\"wp-block-embed is-type-video is-provider-youtube wp-block-embed-youtube wp-embed-aspect-4-3 wp-has-aspect-ratio\"><div class=\"wp-block-embed__wrapper\">\n<iframe loading=\"lazy\" title=\"Hapkido Essentials\" width=\"584\" height=\"438\" src=\"https:\/\/www.youtube.com\/embed\/sry5FaswqA4?feature=oembed\" frameborder=\"0\" allow=\"accelerometer; autoplay; clipboard-write; encrypted-media; gyroscope; picture-in-picture; web-share\" referrerpolicy=\"strict-origin-when-cross-origin\" allowfullscreen><\/iframe>\n<\/div><\/figure>\n\n\n\n<figure class=\"wp-block-embed is-type-video is-provider-youtube wp-block-embed-youtube wp-embed-aspect-4-3 wp-has-aspect-ratio\"><div class=\"wp-block-embed__wrapper\">\n<iframe loading=\"lazy\" title=\"Hapkido Techniques\" width=\"584\" height=\"438\" src=\"https:\/\/www.youtube.com\/embed\/fBKnrmUQqqM?feature=oembed\" frameborder=\"0\" allow=\"accelerometer; autoplay; clipboard-write; encrypted-media; gyroscope; picture-in-picture; web-share\" referrerpolicy=\"strict-origin-when-cross-origin\" allowfullscreen><\/iframe>\n<\/div><\/figure>\n\n\n\n<p>Liens :<\/p>\n\n\n\n<p>http:\/\/www.jungkikwan.com\/<\/p>\n\n\n\n<p><a href=\"https:\/\/www.facebook.com\/FranceHapkidoAssociation\">https:\/\/www.facebook.com\/FranceHapkidoAssociation<\/a><\/p>\n\n\n\n<p>http:\/\/www.fftda.fr<\/p>\n\n\n\n<p>http:\/\/hapkimudo.fr\/<\/p>\n\n\n\n<p>http:\/\/www.dsihq.com\/<\/p>\n\n\n\n<p>http:\/\/www.kthapkido.com\/default\/<\/p>\n\n\n\n<p>http:\/\/fr.wikipedia.org\/wiki\/Hapkido<\/p>\n\n\n\n<p>Mots cl\u00e9s : arts martiaux cor\u00e9ens, arts martiaux cor\u00e9e, arts martiaux coreens, arts martiaux coree, taekwondo, tae kwon do, hapkido, hap ki do, bulmudo, bul mudo, bulmoodo, bul moodo, haidong gumdo, hankumudo, hankido, han ki do, ankido, hapkido, hap ki do, hoshin moosol, hwarangdo, hwa rang do, sonrang, muyejebo, muyechebo, Muyesinbo, Muyeshinbo, para-taekwondo, para- tae kon do, taekwondo paraolympique, shin bop, sul sa do, sonmudo, son mu do, sunmudo, sun mu do, yoga cor\u00e9en, kum kan yung kwan, ssang jul gon \u2013 mouhebong, ssireum, lutte cor\u00e9enne, subak, su bak do, soobak, soo bak do, tae soo do, taesoodo, taekkyon, taekkyeon, taekgyeon, taekyun, taekyon, tae kyon, taekwondo ITF, tae kwon do ITF, taekwondo mouhebong, tae kwon do mouhebong, taekwondo WTF, tae kwon do WTF, taekwonkido, tangsoodo, tang soo do, tangsudo, tang su do<\/p>\n\n\n\n<pre class=\"wp-block-code\"><code>Rechercher : <\/code><\/pre>\n\n\n\n<p>ARTS MARTIAUX COREENS<br>Fi\u00e8rement propuls\u00e9 par WordPress<\/p>\n","protected":false},"excerpt":{"rendered":"<p>noms : hapkido, hap ki do, Yu Kwon Sul Hap Ki Do principe : art martial origine : 1951 en Cor\u00e9e fondateur : Grand Ma\u00eetre CHOI Yong-Sul (1904\u20131986) Pr\u00e9sentation : La traduction et signification de hapkido est harmonie-union (hap), \u00e9nergie &hellip; <a href=\"https:\/\/www.arts-martiaux-coreens.com\/?page_id=27\">Continuer la lecture <span class=\"meta-nav\">&rarr;<\/span><\/a><\/p>\n","protected":false},"author":1,"featured_media":0,"parent":0,"menu_order":0,"comment_status":"closed","ping_status":"closed","template":"","meta":{"footnotes":""},"class_list":["post-27","page","type-page","status-publish","hentry"],"_links":{"self":[{"href":"https:\/\/www.arts-martiaux-coreens.com\/index.php?rest_route=\/wp\/v2\/pages\/27","targetHints":{"allow":["GET"]}}],"collection":[{"href":"https:\/\/www.arts-martiaux-coreens.com\/index.php?rest_route=\/wp\/v2\/pages"}],"about":[{"href":"https:\/\/www.arts-martiaux-coreens.com\/index.php?rest_route=\/wp\/v2\/types\/page"}],"author":[{"embeddable":true,"href":"https:\/\/www.arts-martiaux-coreens.com\/index.php?rest_route=\/wp\/v2\/users\/1"}],"replies":[{"embeddable":true,"href":"https:\/\/www.arts-martiaux-coreens.com\/index.php?rest_route=%2Fwp%2Fv2%2Fcomments&post=27"}],"version-history":[{"count":3,"href":"https:\/\/www.arts-martiaux-coreens.com\/index.php?rest_route=\/wp\/v2\/pages\/27\/revisions"}],"predecessor-version":[{"id":130,"href":"https:\/\/www.arts-martiaux-coreens.com\/index.php?rest_route=\/wp\/v2\/pages\/27\/revisions\/130"}],"wp:attachment":[{"href":"https:\/\/www.arts-martiaux-coreens.com\/index.php?rest_route=%2Fwp%2Fv2%2Fmedia&parent=27"}],"curies":[{"name":"wp","href":"https:\/\/api.w.org\/{rel}","templated":true}]}}