{"id":38,"date":"2025-02-14T23:54:42","date_gmt":"2025-02-14T22:54:42","guid":{"rendered":"https:\/\/www.arts-martiaux-coreens.com\/?page_id=38"},"modified":"2025-02-14T23:54:42","modified_gmt":"2025-02-14T22:54:42","slug":"hapkimudo","status":"publish","type":"page","link":"https:\/\/www.arts-martiaux-coreens.com\/?page_id=38","title":{"rendered":"HAPKIMUDO"},"content":{"rendered":"\n<p>Hapkimudo<\/p>\n\n\n\n<p>noms : hapkimudo, hap ki mu do<\/p>\n\n\n\n<p>principe : art martial issu de l\u2019hapkido ax\u00e9 sur le combat<\/p>\n\n\n\n<p>origine : hapkido<\/p>\n\n\n\n<p>fondateur : Ma\u00eetre LEE Eun Jong (9\u00e8me dan, pr\u00e9sident de World Hapkimudo Federation).<\/p>\n\n\n\n<p>Pr\u00e9sentation :<\/p>\n\n\n\n<p>La traduction et signification de hapkimudo est harmonie-union (hap), \u00e9nergie (ki), combat (mu), esprit-voie (do).<\/p>\n\n\n\n<p>Le hapkimudo est un art martial provenant de l\u2019hapkido.<\/p>\n\n\n\n<p>Une des sp\u00e9cificit\u00e9s principales de l\u2019hapkimudo est de mettre en avant l\u2019efficacit\u00e9 au combat.<\/p>\n\n\n\n<p>La devise du hapkiMudo est \u00ab mudo jongshin \u00bb en cor\u00e9en : l\u2019esprit juste et droit des arts martiaux.<\/p>\n\n\n\n<p>Le responsable pour la France et l\u2019Europe de l\u2019hapkimudo est Ma\u00eetre LEE KANG JONG (8\u00e8me dan, vice-pr\u00e9sident de World Hapkimudo Federation).<\/p>\n\n\n\n<figure class=\"wp-block-image size-full\"><img loading=\"lazy\" decoding=\"async\" width=\"960\" height=\"960\" src=\"https:\/\/www.arts-martiaux-coreens.com\/wp-content\/uploads\/2025\/02\/stage-hapkimudo-carquefou-nov-2017.jpg\" alt=\"\" class=\"wp-image-39\" srcset=\"https:\/\/www.arts-martiaux-coreens.com\/wp-content\/uploads\/2025\/02\/stage-hapkimudo-carquefou-nov-2017.jpg 960w, https:\/\/www.arts-martiaux-coreens.com\/wp-content\/uploads\/2025\/02\/stage-hapkimudo-carquefou-nov-2017-300x300.jpg 300w, https:\/\/www.arts-martiaux-coreens.com\/wp-content\/uploads\/2025\/02\/stage-hapkimudo-carquefou-nov-2017-150x150.jpg 150w, https:\/\/www.arts-martiaux-coreens.com\/wp-content\/uploads\/2025\/02\/stage-hapkimudo-carquefou-nov-2017-768x768.jpg 768w\" sizes=\"auto, (max-width: 960px) 100vw, 960px\" \/><\/figure>\n\n\n\n<figure class=\"wp-block-image size-full\"><img loading=\"lazy\" decoding=\"async\" width=\"679\" height=\"960\" src=\"https:\/\/www.arts-martiaux-coreens.com\/wp-content\/uploads\/2025\/02\/Stage-hapkimudo-Janvier-2020.jpg\" alt=\"\" class=\"wp-image-40\" srcset=\"https:\/\/www.arts-martiaux-coreens.com\/wp-content\/uploads\/2025\/02\/Stage-hapkimudo-Janvier-2020.jpg 679w, https:\/\/www.arts-martiaux-coreens.com\/wp-content\/uploads\/2025\/02\/Stage-hapkimudo-Janvier-2020-212x300.jpg 212w\" sizes=\"auto, (max-width: 679px) 100vw, 679px\" \/><\/figure>\n\n\n\n<p>Vid\u00e9os :<\/p>\n\n\n\n<figure class=\"wp-block-embed is-type-video is-provider-youtube wp-block-embed-youtube wp-embed-aspect-16-9 wp-has-aspect-ratio\"><div class=\"wp-block-embed__wrapper\">\n<iframe loading=\"lazy\" title=\"Festival Des Arts Martiaux Cor\u00e9ens- Ma\u00eetre LEE Kang Jong \/ Hapkimudo D\u00e9monstration\" width=\"584\" height=\"329\" src=\"https:\/\/www.youtube.com\/embed\/6HpGnBNOaSE?feature=oembed\" frameborder=\"0\" allow=\"accelerometer; autoplay; clipboard-write; encrypted-media; gyroscope; picture-in-picture; web-share\" referrerpolicy=\"strict-origin-when-cross-origin\" allowfullscreen><\/iframe>\n<\/div><\/figure>\n\n\n\n<figure class=\"wp-block-embed is-type-video is-provider-youtube wp-block-embed-youtube wp-embed-aspect-16-9 wp-has-aspect-ratio\"><div class=\"wp-block-embed__wrapper\">\n<iframe loading=\"lazy\" title=\"BeinSports France avec HAPKIMUDO 21.05. 2015\" width=\"584\" height=\"329\" src=\"https:\/\/www.youtube.com\/embed\/K7N8QBVxfiw?feature=oembed\" frameborder=\"0\" allow=\"accelerometer; autoplay; clipboard-write; encrypted-media; gyroscope; picture-in-picture; web-share\" referrerpolicy=\"strict-origin-when-cross-origin\" allowfullscreen><\/iframe>\n<\/div><\/figure>\n\n\n\n<p>stage hapkimudo carquefou nov 2017<\/p>\n\n\n\n<p>Liens :<\/p>\n\n\n\n<p>http:\/\/hapkimudo.fr\/<\/p>\n\n\n\n<p><blockquote class=\"wp-embedded-content\" data-secret=\"MzbuU5sjO9\"><a href=\"http:\/\/www.hapkidojang.fr\/\">Bienvenue !<\/a><\/blockquote><iframe loading=\"lazy\" class=\"wp-embedded-content\" sandbox=\"allow-scripts\" security=\"restricted\" style=\"position: absolute; visibility: hidden;\" title=\"&laquo;&nbsp;Bienvenue !&nbsp;&raquo; &#8212; HapkidoJang\" src=\"http:\/\/www.hapkidojang.fr\/embed\/#?secret=MzbuU5sjO9\" data-secret=\"MzbuU5sjO9\" width=\"584\" height=\"329\" frameborder=\"0\" marginwidth=\"0\" marginheight=\"0\" scrolling=\"no\"><\/iframe><\/p>\n\n\n\n<p>http:\/\/fr.wikipedia.org\/wiki\/Hapkido<\/p>\n\n\n\n<pre class=\"wp-block-code\"><code>Rechercher : <\/code><\/pre>\n\n\n\n<p>ARTS MARTIAUX COREENS<br>Fi\u00e8rement propuls\u00e9 par WordPress<\/p>\n","protected":false},"excerpt":{"rendered":"<p>Hapkimudo noms : hapkimudo, hap ki mu do principe : art martial issu de l\u2019hapkido ax\u00e9 sur le combat origine : hapkido fondateur : Ma\u00eetre LEE Eun Jong (9\u00e8me dan, pr\u00e9sident de World Hapkimudo Federation). Pr\u00e9sentation : La traduction et &hellip; <a href=\"https:\/\/www.arts-martiaux-coreens.com\/?page_id=38\">Continuer la lecture <span class=\"meta-nav\">&rarr;<\/span><\/a><\/p>\n","protected":false},"author":1,"featured_media":0,"parent":0,"menu_order":0,"comment_status":"closed","ping_status":"closed","template":"","meta":{"footnotes":""},"class_list":["post-38","page","type-page","status-publish","hentry"],"_links":{"self":[{"href":"https:\/\/www.arts-martiaux-coreens.com\/index.php?rest_route=\/wp\/v2\/pages\/38","targetHints":{"allow":["GET"]}}],"collection":[{"href":"https:\/\/www.arts-martiaux-coreens.com\/index.php?rest_route=\/wp\/v2\/pages"}],"about":[{"href":"https:\/\/www.arts-martiaux-coreens.com\/index.php?rest_route=\/wp\/v2\/types\/page"}],"author":[{"embeddable":true,"href":"https:\/\/www.arts-martiaux-coreens.com\/index.php?rest_route=\/wp\/v2\/users\/1"}],"replies":[{"embeddable":true,"href":"https:\/\/www.arts-martiaux-coreens.com\/index.php?rest_route=%2Fwp%2Fv2%2Fcomments&post=38"}],"version-history":[{"count":1,"href":"https:\/\/www.arts-martiaux-coreens.com\/index.php?rest_route=\/wp\/v2\/pages\/38\/revisions"}],"predecessor-version":[{"id":41,"href":"https:\/\/www.arts-martiaux-coreens.com\/index.php?rest_route=\/wp\/v2\/pages\/38\/revisions\/41"}],"wp:attachment":[{"href":"https:\/\/www.arts-martiaux-coreens.com\/index.php?rest_route=%2Fwp%2Fv2%2Fmedia&parent=38"}],"curies":[{"name":"wp","href":"https:\/\/api.w.org\/{rel}","templated":true}]}}