{"id":44,"date":"2025-02-14T23:57:17","date_gmt":"2025-02-14T22:57:17","guid":{"rendered":"https:\/\/www.arts-martiaux-coreens.com\/?page_id=44"},"modified":"2025-12-12T16:36:26","modified_gmt":"2025-12-12T15:36:26","slug":"ssireum","status":"publish","type":"page","link":"https:\/\/www.arts-martiaux-coreens.com\/?page_id=44","title":{"rendered":"SSIREUM"},"content":{"rendered":"\n<p>nom : ssireum, ssirum, ssireumdo<\/p>\n\n\n\n<p>principe : lutte cor\u00e9enne<\/p>\n\n\n\n<p>origine : cor\u00e9e<\/p>\n\n\n\n<p>Pr\u00e9sentation :<\/p>\n\n\n\n<p>Le ssireum (ssirum) est l\u2019art de la lutte en Cor\u00e9e. Cet art martial est vieux de plusieurs si\u00e8cles. Il est inscrit en 2018 par l&rsquo;UNESCO sur la liste repr\u00e9sentative du patrimoine culturel immat\u00e9riel de l\u2019humanit\u00e9.<\/p>\n\n\n\n<figure class=\"wp-block-image size-full\"><img loading=\"lazy\" decoding=\"async\" width=\"492\" height=\"599\" src=\"https:\/\/www.arts-martiaux-coreens.com\/wp-content\/uploads\/2025\/02\/arts-martiaux-coreens.com-wiki-commons-Ssireum-paint-01.jpg\" alt=\"\" class=\"wp-image-46\" srcset=\"https:\/\/www.arts-martiaux-coreens.com\/wp-content\/uploads\/2025\/02\/arts-martiaux-coreens.com-wiki-commons-Ssireum-paint-01.jpg 492w, https:\/\/www.arts-martiaux-coreens.com\/wp-content\/uploads\/2025\/02\/arts-martiaux-coreens.com-wiki-commons-Ssireum-paint-01-246x300.jpg 246w\" sizes=\"auto, (max-width: 492px) 100vw, 492px\" \/><\/figure>\n\n\n\n<p>Illustration ancienne de lutte cor\u00e9enne, le ssireum.<\/p>\n\n\n\n<p>Le ssireum se pratique sur une aire de combat en forme de rond recouverte de sable, ou sur un tapis. Les deux combattants se tiennent par la taille : chaque concurrent a une ceinture en tissu (ou corde) attach\u00e9e autour de son ventre et d\u2019une cuisse. L\u2019objectif est de faire tomber son adversaire sur le sol.<\/p>\n\n\n\n<figure class=\"wp-block-image size-full\"><img loading=\"lazy\" decoding=\"async\" width=\"567\" height=\"498\" src=\"https:\/\/www.arts-martiaux-coreens.com\/wp-content\/uploads\/2025\/02\/arts-martiaux-coreens.com-wiki-commons-Ssireum-fight-03.jpg\" alt=\"\" class=\"wp-image-45\" srcset=\"https:\/\/www.arts-martiaux-coreens.com\/wp-content\/uploads\/2025\/02\/arts-martiaux-coreens.com-wiki-commons-Ssireum-fight-03.jpg 567w, https:\/\/www.arts-martiaux-coreens.com\/wp-content\/uploads\/2025\/02\/arts-martiaux-coreens.com-wiki-commons-Ssireum-fight-03-300x263.jpg 300w, https:\/\/www.arts-martiaux-coreens.com\/wp-content\/uploads\/2025\/02\/arts-martiaux-coreens.com-wiki-commons-Ssireum-fight-03-342x300.jpg 342w\" sizes=\"auto, (max-width: 567px) 100vw, 567px\" \/><\/figure>\n\n\n\n<p>Comp\u00e9tition de ssireum.<\/p>\n\n\n\n<p>Cet art martial tr\u00e8s ancien est toujours pratiqu\u00e9 de nos jours. De nombreux tournois sont organis\u00e9s en Cor\u00e9e, et attirent de nombreux spectateurs.<\/p>\n\n\n\n<p>Vid\u00e9os :<\/p>\n\n\n\n<figure class=\"wp-block-embed is-type-video is-provider-youtube wp-block-embed-youtube wp-embed-aspect-16-9 wp-has-aspect-ratio\"><div class=\"wp-block-embed__wrapper\">\n<iframe loading=\"lazy\" title=\"Ssirum (wrestling) in the Democratic People\u2019s Republic of Korea\" width=\"584\" height=\"329\" src=\"https:\/\/www.youtube.com\/embed\/QNxU9UoqqMw?feature=oembed\" frameborder=\"0\" allow=\"accelerometer; autoplay; clipboard-write; encrypted-media; gyroscope; picture-in-picture; web-share\" referrerpolicy=\"strict-origin-when-cross-origin\" allowfullscreen><\/iframe>\n<\/div><\/figure>\n\n\n\n<p>Vid\u00e9o de l&rsquo;UNESCO sur le ssireum en R\u00e9publique D\u00e9mocratique de Cor\u00e9e du Nord.<\/p>\n\n\n\n<p><\/p>\n\n\n\n<figure class=\"wp-block-embed is-type-video is-provider-youtube wp-block-embed-youtube wp-embed-aspect-16-9 wp-has-aspect-ratio\"><div class=\"wp-block-embed__wrapper\">\n<iframe loading=\"lazy\" title=\"Ssireum, traditional wrestling in the Republic of Korea\" width=\"584\" height=\"329\" src=\"https:\/\/www.youtube.com\/embed\/Vy1PFvDCE0Q?feature=oembed\" frameborder=\"0\" allow=\"accelerometer; autoplay; clipboard-write; encrypted-media; gyroscope; picture-in-picture; web-share\" referrerpolicy=\"strict-origin-when-cross-origin\" allowfullscreen><\/iframe>\n<\/div><\/figure>\n\n\n\n<p>Vid\u00e9o de l&rsquo;UNESCO sur le ssireum.<\/p>\n\n\n\n<p><a href=\"https:\/\/www.youtube.com\/watch?v=TJ4zJ62YGfg\">https:\/\/www.youtube.com\/watch?v=TJ4zJ62YGfg<\/a><\/p>\n\n\n\n<p><a href=\"https:\/\/www.youtube.com\/watch?v=XM_3aSmOxdo\">https:\/\/www.youtube.com\/watch?v=XM_3aSmOxdo<\/a><\/p>\n\n\n\n<p>Liens :<\/p>\n\n\n\n<p><a href=\"http:\/\/ssireum.sports.or.kr\/english\/main.htm\">http:\/\/ssireum.sports.or.kr\/english\/main.htm<\/a><\/p>\n\n\n\n<p><a href=\"http:\/\/ynucc.yeungnam.ac.kr\/~ssi\/eindex.html\">http:\/\/ynucc.yeungnam.ac.kr\/~ssi\/eindex.html<\/a><\/p>\n\n\n\n<p><a href=\"http:\/\/fr.wikipedia.org\/wiki\/Ssireum\">http:\/\/fr.wikipedia.org\/wiki\/Ssireum<\/a><\/p>\n\n\n\n<p><a href=\"https:\/\/ich.unesco.org\/fr\/RL\/la-lutte-coreenne-traditionnelle-ssirum-ssireum-01533\">https:\/\/ich.unesco.org\/fr\/RL\/la-lutte-coreenne-traditionnelle-ssirum-ssireum-01533<\/a><\/p>\n\n\n\n<p><\/p>\n","protected":false},"excerpt":{"rendered":"<p>nom : ssireum, ssirum, ssireumdo principe : lutte cor\u00e9enne origine : cor\u00e9e Pr\u00e9sentation : Le ssireum (ssirum) est l\u2019art de la lutte en Cor\u00e9e. Cet art martial est vieux de plusieurs si\u00e8cles. Il est inscrit en 2018 par l&rsquo;UNESCO sur &hellip; <a href=\"https:\/\/www.arts-martiaux-coreens.com\/?page_id=44\">Continuer la lecture <span class=\"meta-nav\">&rarr;<\/span><\/a><\/p>\n","protected":false},"author":1,"featured_media":0,"parent":0,"menu_order":0,"comment_status":"closed","ping_status":"closed","template":"","meta":{"footnotes":""},"class_list":["post-44","page","type-page","status-publish","hentry"],"_links":{"self":[{"href":"https:\/\/www.arts-martiaux-coreens.com\/index.php?rest_route=\/wp\/v2\/pages\/44","targetHints":{"allow":["GET"]}}],"collection":[{"href":"https:\/\/www.arts-martiaux-coreens.com\/index.php?rest_route=\/wp\/v2\/pages"}],"about":[{"href":"https:\/\/www.arts-martiaux-coreens.com\/index.php?rest_route=\/wp\/v2\/types\/page"}],"author":[{"embeddable":true,"href":"https:\/\/www.arts-martiaux-coreens.com\/index.php?rest_route=\/wp\/v2\/users\/1"}],"replies":[{"embeddable":true,"href":"https:\/\/www.arts-martiaux-coreens.com\/index.php?rest_route=%2Fwp%2Fv2%2Fcomments&post=44"}],"version-history":[{"count":8,"href":"https:\/\/www.arts-martiaux-coreens.com\/index.php?rest_route=\/wp\/v2\/pages\/44\/revisions"}],"predecessor-version":[{"id":159,"href":"https:\/\/www.arts-martiaux-coreens.com\/index.php?rest_route=\/wp\/v2\/pages\/44\/revisions\/159"}],"wp:attachment":[{"href":"https:\/\/www.arts-martiaux-coreens.com\/index.php?rest_route=%2Fwp%2Fv2%2Fmedia&parent=44"}],"curies":[{"name":"wp","href":"https:\/\/api.w.org\/{rel}","templated":true}]}}