{"id":49,"date":"2025-02-15T00:00:49","date_gmt":"2025-02-14T23:00:49","guid":{"rendered":"https:\/\/www.arts-martiaux-coreens.com\/?page_id=49"},"modified":"2026-01-21T18:13:48","modified_gmt":"2026-01-21T17:13:48","slug":"taekkyon","status":"publish","type":"page","link":"https:\/\/www.arts-martiaux-coreens.com\/?page_id=49","title":{"rendered":"TAEKKYON"},"content":{"rendered":"\n<p>noms : taekkyon (ou taekkyeon, taekgyeon, taekyun, taekyon, tae kyon)<\/p>\n\n\n\n<p>principe : art martial ancestral cor\u00e9en<\/p>\n\n\n\n<p>origine : 5\u00e8me si\u00e8cle (estimation) en cor\u00e9e ancestrale<\/p>\n\n\n\n<p>Pr\u00e9sentation :<\/p>\n\n\n\n<p>Le taekkyon est un des arts martiaux cor\u00e9ens les plus anciens connus. Il aurait \u00e9t\u00e9 con\u00e7u aux environs du 5\u00e8me si\u00e8cle apr\u00e8s JC.<\/p>\n\n\n\n<p>Illustration ancienne de taekkyon.<\/p>\n\n\n\n<figure class=\"wp-block-image size-full\"><img loading=\"lazy\" decoding=\"async\" width=\"300\" height=\"200\" src=\"https:\/\/www.arts-martiaux-coreens.com\/wp-content\/uploads\/2025\/02\/arts-martiaux-coreens.com-wiki-commons-taekkyon-paint-01.jpg\" alt=\"\" class=\"wp-image-50\"\/><\/figure>\n\n\n\n<p>Il fait partie des \u00e9l\u00e9ments fondateurs des arts martiaux cor\u00e9ens contemporains.<\/p>\n\n\n\n<p>Le taekkyon est art martial cor\u00e9en \u00e0 avoir \u00e9t\u00e9 reconnu patrimoine culturel intangible par la Cor\u00e9e du Sud en 1983.<\/p>\n\n\n\n<figure class=\"wp-block-image size-full\"><img loading=\"lazy\" decoding=\"async\" width=\"225\" height=\"300\" src=\"https:\/\/www.arts-martiaux-coreens.com\/wp-content\/uploads\/2025\/02\/arts-martiaux-coreens.com-wiki-commons-Taekkyon-02-225x300-1.jpg\" alt=\"\" class=\"wp-image-51\"\/><\/figure>\n\n\n\n<p>Il est inscrit au patrimoine mondial culturel immat\u00e9riel de l\u2019humanit\u00e9 par l\u2019UNESCO en 2011.<\/p>\n\n\n\n<p>Le taekkyon est un art martial qui ressemble parfois \u00e0 une danse. Les techniques de pieds sont les plus utilis\u00e9es.<\/p>\n\n\n\n<p>Coup de pied avec un appui sur une main en taekkyon.<\/p>\n\n\n\n<figure class=\"wp-block-image size-full\"><img loading=\"lazy\" decoding=\"async\" width=\"399\" height=\"599\" src=\"https:\/\/www.arts-martiaux-coreens.com\/wp-content\/uploads\/2025\/02\/arts-martiaux-coreens.com-wiki-commons-Taekkyon-01.jpg\" alt=\"\" class=\"wp-image-52\" srcset=\"https:\/\/www.arts-martiaux-coreens.com\/wp-content\/uploads\/2025\/02\/arts-martiaux-coreens.com-wiki-commons-Taekkyon-01.jpg 399w, https:\/\/www.arts-martiaux-coreens.com\/wp-content\/uploads\/2025\/02\/arts-martiaux-coreens.com-wiki-commons-Taekkyon-01-200x300.jpg 200w\" sizes=\"auto, (max-width: 399px) 100vw, 399px\" \/><\/figure>\n\n\n\n<p>Le taekkyon \u00e9tait une des mati\u00e8res enseign\u00e9es du hwarangdo.<\/p>\n\n\n\n<p>Vid\u00e9os :<\/p>\n\n\n\n<figure class=\"wp-block-embed is-type-video is-provider-youtube wp-block-embed-youtube wp-embed-aspect-4-3 wp-has-aspect-ratio\"><div class=\"wp-block-embed__wrapper\">\n<iframe loading=\"lazy\" title=\"\uc81c13\ud68c \ud0dd\uacac\ucd5c\uace0\uc218\uc804 (\ud504\ub791\uc2a4 \ud30c\ub9ac).wmv\" width=\"584\" height=\"438\" src=\"https:\/\/www.youtube.com\/embed\/t-FT7HKB4aU?feature=oembed\" frameborder=\"0\" allow=\"accelerometer; autoplay; clipboard-write; encrypted-media; gyroscope; picture-in-picture; web-share\" referrerpolicy=\"strict-origin-when-cross-origin\" allowfullscreen><\/iframe>\n<\/div><\/figure>\n\n\n\n<p><a href=\"https:\/\/www.youtube.com\/watch?v=QmhgDsGN3rM\">https:\/\/www.youtube.com\/watch?v=QmhgDsGN3rM<\/a><\/p>\n\n\n\n<p>Liens :<\/p>\n\n\n\n<p><a href=\"https:\/\/cftk.fr\">https:\/\/cftk.fr<\/a><\/p>\n\n\n\n<p><a href=\"https:\/\/www.coree-culture.org\/taekkyon,052.html\">https:\/\/www.coree-culture.org\/taekkyon,052.html<\/a><\/p>\n\n\n\n<p><a href=\"http:\/\/fr.wikipedia.org\/wiki\/Taekkyeon\">http:\/\/fr.wikipedia.org\/wiki\/Taekkyeon<\/a><\/p>\n\n\n\n<p><a href=\"http:\/\/www.unesco.org\/culture\/ich\/fr\/RL\/00452\">http:\/\/www.unesco.org\/culture\/ich\/fr\/RL\/00452<\/a><\/p>\n\n\n\n<p><a href=\"http:\/\/fr.wikipedia.org\/wiki\/Structures_%C3%A9ducatives_des_Trois_Royaumes\">http:\/\/fr.wikipedia.org\/wiki\/Structures_%C3%A9ducatives_des_Trois_Royaumes<\/a><\/p>\n","protected":false},"excerpt":{"rendered":"<p>noms : taekkyon (ou taekkyeon, taekgyeon, taekyun, taekyon, tae kyon) principe : art martial ancestral cor\u00e9en origine : 5\u00e8me si\u00e8cle (estimation) en cor\u00e9e ancestrale Pr\u00e9sentation : Le taekkyon est un des arts martiaux cor\u00e9ens les plus anciens connus. Il aurait &hellip; <a href=\"https:\/\/www.arts-martiaux-coreens.com\/?page_id=49\">Continuer la lecture <span class=\"meta-nav\">&rarr;<\/span><\/a><\/p>\n","protected":false},"author":1,"featured_media":0,"parent":0,"menu_order":0,"comment_status":"closed","ping_status":"closed","template":"","meta":{"footnotes":""},"class_list":["post-49","page","type-page","status-publish","hentry"],"_links":{"self":[{"href":"https:\/\/www.arts-martiaux-coreens.com\/index.php?rest_route=\/wp\/v2\/pages\/49","targetHints":{"allow":["GET"]}}],"collection":[{"href":"https:\/\/www.arts-martiaux-coreens.com\/index.php?rest_route=\/wp\/v2\/pages"}],"about":[{"href":"https:\/\/www.arts-martiaux-coreens.com\/index.php?rest_route=\/wp\/v2\/types\/page"}],"author":[{"embeddable":true,"href":"https:\/\/www.arts-martiaux-coreens.com\/index.php?rest_route=\/wp\/v2\/users\/1"}],"replies":[{"embeddable":true,"href":"https:\/\/www.arts-martiaux-coreens.com\/index.php?rest_route=%2Fwp%2Fv2%2Fcomments&post=49"}],"version-history":[{"count":4,"href":"https:\/\/www.arts-martiaux-coreens.com\/index.php?rest_route=\/wp\/v2\/pages\/49\/revisions"}],"predecessor-version":[{"id":162,"href":"https:\/\/www.arts-martiaux-coreens.com\/index.php?rest_route=\/wp\/v2\/pages\/49\/revisions\/162"}],"wp:attachment":[{"href":"https:\/\/www.arts-martiaux-coreens.com\/index.php?rest_route=%2Fwp%2Fv2%2Fmedia&parent=49"}],"curies":[{"name":"wp","href":"https:\/\/api.w.org\/{rel}","templated":true}]}}