{"id":77,"date":"2025-02-15T00:26:32","date_gmt":"2025-02-14T23:26:32","guid":{"rendered":"https:\/\/www.arts-martiaux-coreens.com\/?page_id=77"},"modified":"2025-02-15T00:27:24","modified_gmt":"2025-02-14T23:27:24","slug":"musat","status":"publish","type":"page","link":"https:\/\/www.arts-martiaux-coreens.com\/?page_id=77","title":{"rendered":"MUSAT"},"content":{"rendered":"\n<p>noms : Multi United Seal Assaulting Tactics, m.u.s.a.t, musat<\/p>\n\n\n\n<p>principe : techniques de combat militaire<\/p>\n\n\n\n<p>origine : forces sp\u00e9ciales de l\u2019arm\u00e9e de mer cor\u00e9enne<\/p>\n\n\n\n<p>Pr\u00e9sentation :<\/p>\n\n\n\n<p>M.U.S.A.T siginifie en anglais \u00ab Multi United Seal Assaulting Tactics \u00bb.<\/p>\n\n\n\n<p>La traduction fran\u00e7aise est \u00ab multiples tactiques d\u2019assaut unifi\u00e9es de la marine \u00bb.<\/p>\n\n\n\n<p>Cette m\u00e9thode de combat a \u00e9t\u00e9 d\u00e9velopp\u00e9e par forces sp\u00e9ciales de l\u2019arm\u00e9e de mer cor\u00e9enne.<\/p>\n\n\n\n<p>Le combat au corps \u00e0 corps et au couteau sont les principales caract\u00e9ristiques pr\u00e9sent\u00e9es lors des d\u00e9monstrations.<\/p>\n\n\n\n<figure class=\"wp-block-embed is-type-video is-provider-youtube wp-block-embed-youtube wp-embed-aspect-4-3 wp-has-aspect-ratio\"><div class=\"wp-block-embed__wrapper\">\n<iframe loading=\"lazy\" title=\"MUSAT knife fight\/\u041c\u0423\u0421\u0410\u0422 \u043d\u043e\u0436\u0435\u0432\u043e\u0439 \u0431\u043e\u0439.\" width=\"584\" height=\"438\" src=\"https:\/\/www.youtube.com\/embed\/h-tkjtzcAaw?feature=oembed\" frameborder=\"0\" allow=\"accelerometer; autoplay; clipboard-write; encrypted-media; gyroscope; picture-in-picture; web-share\" referrerpolicy=\"strict-origin-when-cross-origin\" allowfullscreen><\/iframe>\n<\/div><\/figure>\n\n\n\n<p><\/p>\n\n\n\n<p><\/p>\n\n\n\n<p>Note : ces techniques de combat sont tr\u00e8s dangereuses, et sont r\u00e9serv\u00e9es \u00e0 des pratiquants exp\u00e9riment\u00e9s et encadr\u00e9s par des instructeurs form\u00e9s, et avec des normes de s\u00e9curit\u00e9 adapt\u00e9es.<\/p>\n\n\n\n<p>Remerciements : Merci \u00e0 Adrien pour ses emails, et pour m\u2019avoir fait connaitre le MUSAT.<\/p>\n\n\n\n<figure class=\"wp-block-embed is-type-video is-provider-youtube wp-block-embed-youtube wp-embed-aspect-16-9 wp-has-aspect-ratio\"><div class=\"wp-block-embed__wrapper\">\n<iframe loading=\"lazy\" title=\"ROK UDT\/SEAL \ucc3d\uc124 60\uc8fc\ub144 MUSAT \ud6c8\ub828 \ubc0f \uc2dc\ubc94\" width=\"584\" height=\"329\" src=\"https:\/\/www.youtube.com\/embed\/Q3MoJFgBkYs?feature=oembed\" frameborder=\"0\" allow=\"accelerometer; autoplay; clipboard-write; encrypted-media; gyroscope; picture-in-picture; web-share\" referrerpolicy=\"strict-origin-when-cross-origin\" allowfullscreen><\/iframe>\n<\/div><\/figure>\n\n\n\n<p>Mots cl\u00e9s : arts martiaux cor\u00e9ens, arts martiaux cor\u00e9e, arts martiaux coreens, arts martiaux coree, art martial cor\u00e9en, art martial coreen, taekwondo, tae kwon do, hapkido, hap ki do, bulmudo, bul mudo, bulmoodo, bul moodo, haidong gumdo, hankumudo, hankido, han ki do, ankido, hapkido, hap ki do, hapkimudo, hap ki mu do, hoshin moosol, hwarangdo, hwa rang do, sonrang, muyejebo, muyechebo, Muyesinbo, Muyeshinbo, para-taekwondo, para- tae kon do, taekwondo paraolympique, shin bop, sul sa do, sonmudo, son mu do, sunmudo, sun mu do, yoga cor\u00e9en, kum kan yung kwan, ssang jul gon, mouhebong, ssireum, lutte cor\u00e9enne, subak, su bak do, soobak, soo bak do, tae soo do, taesoodo, taekkyon, taekkyeon, taekgyeon, taekyun, taekyon, tae kyon, taekwondo ITF, tae kwon do ITF, taekwondo mouhebong, tae kwon do mouhebong, taekwondo WTF, tae kwon do WTF, taekwonkido, tangsoodo, tang soo do, tangsudo, tang su do, yudo, Kyeoktooki, Kyeok too ki, kyuktooki, kyuk too ki, MUSAT, M.U.S.A.T, Kungekdo, Kun Gek Do, Kuk Sool Won, kuksoolwon, Guk Sul Weon, Kuk Sul W\u01d2n<\/p>\n\n\n\n<pre class=\"wp-block-code\"><code><\/code><\/pre>\n","protected":false},"excerpt":{"rendered":"<p>noms : Multi United Seal Assaulting Tactics, m.u.s.a.t, musat principe : techniques de combat militaire origine : forces sp\u00e9ciales de l\u2019arm\u00e9e de mer cor\u00e9enne Pr\u00e9sentation : M.U.S.A.T siginifie en anglais \u00ab Multi United Seal Assaulting Tactics \u00bb. La traduction fran\u00e7aise &hellip; <a href=\"https:\/\/www.arts-martiaux-coreens.com\/?page_id=77\">Continuer la lecture <span class=\"meta-nav\">&rarr;<\/span><\/a><\/p>\n","protected":false},"author":1,"featured_media":0,"parent":0,"menu_order":0,"comment_status":"closed","ping_status":"closed","template":"","meta":{"footnotes":""},"class_list":["post-77","page","type-page","status-publish","hentry"],"_links":{"self":[{"href":"https:\/\/www.arts-martiaux-coreens.com\/index.php?rest_route=\/wp\/v2\/pages\/77","targetHints":{"allow":["GET"]}}],"collection":[{"href":"https:\/\/www.arts-martiaux-coreens.com\/index.php?rest_route=\/wp\/v2\/pages"}],"about":[{"href":"https:\/\/www.arts-martiaux-coreens.com\/index.php?rest_route=\/wp\/v2\/types\/page"}],"author":[{"embeddable":true,"href":"https:\/\/www.arts-martiaux-coreens.com\/index.php?rest_route=\/wp\/v2\/users\/1"}],"replies":[{"embeddable":true,"href":"https:\/\/www.arts-martiaux-coreens.com\/index.php?rest_route=%2Fwp%2Fv2%2Fcomments&post=77"}],"version-history":[{"count":3,"href":"https:\/\/www.arts-martiaux-coreens.com\/index.php?rest_route=\/wp\/v2\/pages\/77\/revisions"}],"predecessor-version":[{"id":80,"href":"https:\/\/www.arts-martiaux-coreens.com\/index.php?rest_route=\/wp\/v2\/pages\/77\/revisions\/80"}],"wp:attachment":[{"href":"https:\/\/www.arts-martiaux-coreens.com\/index.php?rest_route=%2Fwp%2Fv2%2Fmedia&parent=77"}],"curies":[{"name":"wp","href":"https:\/\/api.w.org\/{rel}","templated":true}]}}