{"id":81,"date":"2025-02-15T00:30:13","date_gmt":"2025-02-14T23:30:13","guid":{"rendered":"https:\/\/www.arts-martiaux-coreens.com\/?page_id=81"},"modified":"2025-02-15T00:30:13","modified_gmt":"2025-02-14T23:30:13","slug":"hwarangdo","status":"publish","type":"page","link":"https:\/\/www.arts-martiaux-coreens.com\/?page_id=81","title":{"rendered":"HWARANGDO"},"content":{"rendered":"\n<p>noms : hwarangdo, hwa rang do, sonrang<\/p>\n\n\n\n<p>principe : art martial \u00e9ducatif et militaire ancestral cor\u00e9en<\/p>\n\n\n\n<p>origine : p\u00e9riode des Trois royaumes de Cor\u00e9e (du 1er si\u00e8cle avant JC au 7\u00e8me si\u00e8cle apr\u00e8s JC)<\/p>\n\n\n\n<p>fondateur : la noblesse et l\u2019arm\u00e9e cor\u00e9ennes, fondateurs modernes Maitres Joo Bang Lee et Joo Sang Lee<\/p>\n\n\n\n<p>Pr\u00e9sentation :<\/p>\n\n\n\n<p>La traduction et signification de hwarangdo est \u00ab hwa \u00bb fleur, \u00ab rang \u00bb jeunes-soldats, et \u00ab do \u00bb esprit-voie.<\/p>\n\n\n\n<p>On peut traduire pour simplifier \u00ab la formation de la jeune noblesse \u00bb.<\/p>\n\n\n\n<p>Le hwarangdo est un art martial \u00e9ducatif et militaire ancestral cor\u00e9en complet. Son but \u00e9tait de former la jeune noblesse pour en faire la future \u00e9lite de l\u2019arm\u00e9e.<\/p>\n\n\n\n<p>Statue repr\u00e9sentant un guerrier hwarang devant une \u00e9cole en Cor\u00e9e du Sud.<\/p>\n\n\n\n<figure class=\"wp-block-image size-full\"><img loading=\"lazy\" decoding=\"async\" width=\"398\" height=\"599\" src=\"https:\/\/www.arts-martiaux-coreens.com\/wp-content\/uploads\/2025\/02\/arts-martiaux-coreens-wiki-commons-Hwarang-Hamyang_Middle_School.jpg\" alt=\"\" class=\"wp-image-82\" srcset=\"https:\/\/www.arts-martiaux-coreens.com\/wp-content\/uploads\/2025\/02\/arts-martiaux-coreens-wiki-commons-Hwarang-Hamyang_Middle_School.jpg 398w, https:\/\/www.arts-martiaux-coreens.com\/wp-content\/uploads\/2025\/02\/arts-martiaux-coreens-wiki-commons-Hwarang-Hamyang_Middle_School-199x300.jpg 199w\" sizes=\"auto, (max-width: 398px) 100vw, 398px\" \/><\/figure>\n\n\n\n<p>On apprend via le hwarangdo de nombreux savoirs :<\/p>\n\n\n\n<p>\u2013 le combat \u00e0 mains nues,<\/p>\n\n\n\n<p>\u2013 le maniement de diff\u00e9rentes armes (\u00e9p\u00e9es, lances, arc, etc.)<\/p>\n\n\n\n<p>\u2013 l\u2019\u00e9quitation,<\/p>\n\n\n\n<p>\u2013 la chasse,<\/p>\n\n\n\n<p>\u2013 la strat\u00e9gie,<\/p>\n\n\n\n<p>\u2013 la lecture et l\u2019\u00e9criture,<\/p>\n\n\n\n<p>\u2013 l\u2019espionnage,<\/p>\n\n\n\n<p>\u2013 les math\u00e9matiques,<\/p>\n\n\n\n<p>\u2013 la musique, etc.<\/p>\n\n\n\n<p>On pourrait comparer le hwarangdo ancestral, \u00e0 une \u00e9cole militaire pour futurs officiers de nos jours.<\/p>\n\n\n\n<p>Le hwarangdo a \u00e9t\u00e9 modernis\u00e9 par Maitres Joo Bang Lee et Joo Sang Lee dans les ann\u00e9es 1940. Ils d\u00e9velopp\u00e8rent aussi l\u2019art martial le Tae soo do, qui est bas\u00e9 sur le hwarangdo.<\/p>\n\n\n\n<p>Vid\u00e9os :<\/p>\n\n\n\n<p><a href=\"https:\/\/www.youtube.com\/watch?v=8eP-PsXqvmg\">https:\/\/www.youtube.com\/watch?v=8eP-PsXqvmg<\/a><\/p>\n\n\n\n<p><a href=\"https:\/\/www.youtube.com\/watch?v=UHmPbfuoz1Y\">https:\/\/www.youtube.com\/watch?v=UHmPbfuoz1Y<\/a><\/p>\n\n\n\n<p>Liens et sources :<\/p>\n\n\n\n<p><blockquote class=\"wp-embedded-content\" data-secret=\"wKyLjniPjN\"><a href=\"https:\/\/hwarangdo.com\/\">Homepage<\/a><\/blockquote><iframe loading=\"lazy\" class=\"wp-embedded-content\" sandbox=\"allow-scripts\" security=\"restricted\" style=\"position: absolute; visibility: hidden;\" title=\"&#8220;Homepage&#8221; &#8212; World Hwa Rang Do\u00ae Association\" src=\"https:\/\/hwarangdo.com\/embed\/#?secret=bbKFIu2vlk#?secret=wKyLjniPjN\" data-secret=\"wKyLjniPjN\" width=\"584\" height=\"329\" frameborder=\"0\" marginwidth=\"0\" marginheight=\"0\" scrolling=\"no\"><\/iframe><\/p>\n\n\n\n<p>http:\/\/en.wikipedia.org\/wiki\/Hwa_Rang_Do<\/p>\n\n\n\n<p><blockquote class=\"wp-embedded-content\" data-secret=\"jKze5MRNuZ\"><a href=\"http:\/\/hwarangdo.net\/\">HwaRangDo (Home)<\/a><\/blockquote><iframe loading=\"lazy\" class=\"wp-embedded-content\" sandbox=\"allow-scripts\" security=\"restricted\" style=\"position: absolute; visibility: hidden;\" title=\"&#8220;HwaRangDo (Home)&#8221; &#8212; Hwa Rang Do\u00ae West LA\" src=\"http:\/\/hwarangdo.net\/embed\/#?secret=qOsbXTw0KC#?secret=jKze5MRNuZ\" data-secret=\"jKze5MRNuZ\" width=\"584\" height=\"329\" frameborder=\"0\" marginwidth=\"0\" marginheight=\"0\" scrolling=\"no\"><\/iframe><\/p>\n\n\n\n<p>http:\/\/fr.wikipedia.org\/wiki\/Structures_%C3%A9ducatives_des_Trois_Royaumes<\/p>\n\n\n\n<p>Mots cl\u00e9s : arts martiaux cor\u00e9ens, arts martiaux cor\u00e9e, arts martiaux coreens, arts martiaux coree, taekwondo, tae kwon do, hapkido, hap ki do, bulmudo, bul mudo, bulmoodo, bul moodo, haidong gumdo, hankumudo, hankido, han ki do, ankido, hapkido, hap ki do, hoshin moosol, hwarangdo, hwa rang do, sonrang, muyejebo, muyechebo, Muyesinbo, Muyeshinbo, para-taekwondo, para- tae kon do, taekwondo paraolympique, shin bop, sul sa do, sonmudo, son mu do, sunmudo, sun mu do, yoga cor\u00e9en, kum kan yung kwan, ssang jul gon \u2013 mouhebong, ssireum, lutte cor\u00e9enne, subak, su bak do, soobak, soo bak do, tae soo do, taesoodo, taekkyon, taekkyeon, taekgyeon, taekyun, taekyon, tae kyon, taekwondo ITF, tae kwon do ITF, taekwondo mouhebong, tae kwon do mouhebong, taekwondo WTF, tae kwon do WTF, taekwonkido, tangsoodo, tang soo do, tangsudo, tang su do<\/p>\n","protected":false},"excerpt":{"rendered":"<p>noms : hwarangdo, hwa rang do, sonrang principe : art martial \u00e9ducatif et militaire ancestral cor\u00e9en origine : p\u00e9riode des Trois royaumes de Cor\u00e9e (du 1er si\u00e8cle avant JC au 7\u00e8me si\u00e8cle apr\u00e8s JC) fondateur : la noblesse et l\u2019arm\u00e9e &hellip; <a href=\"https:\/\/www.arts-martiaux-coreens.com\/?page_id=81\">Continuer la lecture <span class=\"meta-nav\">&rarr;<\/span><\/a><\/p>\n","protected":false},"author":1,"featured_media":0,"parent":0,"menu_order":0,"comment_status":"closed","ping_status":"closed","template":"","meta":{"footnotes":""},"class_list":["post-81","page","type-page","status-publish","hentry"],"_links":{"self":[{"href":"https:\/\/www.arts-martiaux-coreens.com\/index.php?rest_route=\/wp\/v2\/pages\/81","targetHints":{"allow":["GET"]}}],"collection":[{"href":"https:\/\/www.arts-martiaux-coreens.com\/index.php?rest_route=\/wp\/v2\/pages"}],"about":[{"href":"https:\/\/www.arts-martiaux-coreens.com\/index.php?rest_route=\/wp\/v2\/types\/page"}],"author":[{"embeddable":true,"href":"https:\/\/www.arts-martiaux-coreens.com\/index.php?rest_route=\/wp\/v2\/users\/1"}],"replies":[{"embeddable":true,"href":"https:\/\/www.arts-martiaux-coreens.com\/index.php?rest_route=%2Fwp%2Fv2%2Fcomments&post=81"}],"version-history":[{"count":1,"href":"https:\/\/www.arts-martiaux-coreens.com\/index.php?rest_route=\/wp\/v2\/pages\/81\/revisions"}],"predecessor-version":[{"id":83,"href":"https:\/\/www.arts-martiaux-coreens.com\/index.php?rest_route=\/wp\/v2\/pages\/81\/revisions\/83"}],"wp:attachment":[{"href":"https:\/\/www.arts-martiaux-coreens.com\/index.php?rest_route=%2Fwp%2Fv2%2Fmedia&parent=81"}],"curies":[{"name":"wp","href":"https:\/\/api.w.org\/{rel}","templated":true}]}}