{"id":84,"date":"2025-02-15T00:36:19","date_gmt":"2025-02-14T23:36:19","guid":{"rendered":"https:\/\/www.arts-martiaux-coreens.com\/?page_id=84"},"modified":"2025-02-15T00:37:33","modified_gmt":"2025-02-14T23:37:33","slug":"taekwondo-itf","status":"publish","type":"page","link":"https:\/\/www.arts-martiaux-coreens.com\/?page_id=84","title":{"rendered":"TAEKWONDO ITF"},"content":{"rendered":"\n<p>noms : taekwondo ITF, tae kwon do ITF<\/p>\n\n\n\n<p>principe : art martial dirig\u00e9 par la f\u00e9d\u00e9ration ITF (International Taekwondo Federation)<\/p>\n\n\n\n<p>origine : le 11 avril 1955 en Cor\u00e9e, cr\u00e9ation de la f\u00e9d\u00e9ration ITF le 22 mars 1966 \u00e0 S\u00e9oul<\/p>\n\n\n\n<p>fondateurs : Maitre Choi Hong-hi (ancien g\u00e9n\u00e9ral sud cor\u00e9en, 1918-2002) et cr\u00e9ateur du taekwondo, les kwans (\u00e9coles martiales cor\u00e9ennes)<\/p>\n\n\n\n<p>Pr\u00e9sentation :<\/p>\n\n\n\n<p>La traduction de taekwondo est poing (tae), pied (kwon), esprit-voie (do) .<\/p>\n\n\n\n<p>Le taekwondo a \u00e9t\u00e9 con\u00e7u \u00e0 partir de plusieurs arts martiaux traditionnels cor\u00e9ens (ex : le tangsoodo, le taekkyon, le subak, le kwonbop, qui \u00e9taient enseign\u00e9s \u00e0 l\u2019\u00e9poque dans diff\u00e9rents \u00e9coles (les kwans).<\/p>\n\n\n\n<p>Ces diff\u00e9rents \u00e9coles martiales cor\u00e9ennes (les kwans) se rassemblent, et forment la f\u00e9d\u00e9ration cor\u00e9enne de Tae Su Do. L\u2019objectif \u00e9tait de rassembler ces diff\u00e9rents techniques et savoirs afin de concevoir un art martial cor\u00e9en moderne.<\/p>\n\n\n\n<p>En 1965 le Tae Su Do devient officiellement le Taekwondo.<\/p>\n\n\n\n<p>La f\u00e9d\u00e9ration ITF est la plus ancienne des f\u00e9d\u00e9rations de taekwondo.<\/p>\n\n\n\n<p>Le taekwondo ITF et le taekwondo WT (WTF) sont g\u00e9r\u00e9s par deux f\u00e9d\u00e9rations diff\u00e9rentes et autonomes.<\/p>\n\n\n\n<p><br>Logo de l&rsquo;ITF (tous droits r\u00e9serv\u00e9s)<\/p>\n\n\n\n<figure class=\"wp-block-image size-full is-resized\"><img loading=\"lazy\" decoding=\"async\" width=\"800\" height=\"600\" src=\"https:\/\/www.arts-martiaux-coreens.com\/wp-content\/uploads\/2025\/02\/logo-TKD-ITF.gif\" alt=\"\" class=\"wp-image-86\" style=\"width:335px;height:auto\"\/><\/figure>\n\n\n\n<p>Nouveau logo de L\u2019ITF (tous droits r\u00e9serv\u00e9s)<\/p>\n\n\n\n<figure class=\"wp-block-image size-full\"><img loading=\"lazy\" decoding=\"async\" width=\"148\" height=\"250\" src=\"https:\/\/www.arts-martiaux-coreens.com\/wp-content\/uploads\/2025\/02\/logo-new-itf.jpg\" alt=\"\" class=\"wp-image-88\"\/><\/figure>\n\n\n\n<p>Ces deux taekwondo ont des point communs, mais aussi des sp\u00e9cificit\u00e9s (techniques, r\u00e8gles, tenues, comp\u00e9titions, etc.).<\/p>\n\n\n\n<p>Vid\u00e9os :<\/p>\n\n\n\n<p>http:\/\/www.itftkd.org\/<\/p>\n\n\n\n<p>http:\/\/www.tkd-itf.org\/<\/p>\n\n\n\n<p>http:\/\/www.tkd-itf.fr\/<\/p>\n\n\n\n<figure class=\"wp-block-embed\"><div class=\"wp-block-embed__wrapper\">\nhttps:\/\/fr.wikipedia.org\/wiki\/Taekwondo\n<\/div><\/figure>\n\n\n\n<pre class=\"wp-block-code\"><code>Rechercher : <\/code><\/pre>\n\n\n\n<p>ARTS MARTIAUX COREENS<br>Fi\u00e8rement propuls\u00e9 par WordPress<\/p>\n","protected":false},"excerpt":{"rendered":"<p>noms : taekwondo ITF, tae kwon do ITF principe : art martial dirig\u00e9 par la f\u00e9d\u00e9ration ITF (International Taekwondo Federation) origine : le 11 avril 1955 en Cor\u00e9e, cr\u00e9ation de la f\u00e9d\u00e9ration ITF le 22 mars 1966 \u00e0 S\u00e9oul fondateurs &hellip; <a href=\"https:\/\/www.arts-martiaux-coreens.com\/?page_id=84\">Continuer la lecture <span class=\"meta-nav\">&rarr;<\/span><\/a><\/p>\n","protected":false},"author":1,"featured_media":0,"parent":0,"menu_order":0,"comment_status":"closed","ping_status":"closed","template":"","meta":{"footnotes":""},"class_list":["post-84","page","type-page","status-publish","hentry"],"_links":{"self":[{"href":"https:\/\/www.arts-martiaux-coreens.com\/index.php?rest_route=\/wp\/v2\/pages\/84","targetHints":{"allow":["GET"]}}],"collection":[{"href":"https:\/\/www.arts-martiaux-coreens.com\/index.php?rest_route=\/wp\/v2\/pages"}],"about":[{"href":"https:\/\/www.arts-martiaux-coreens.com\/index.php?rest_route=\/wp\/v2\/types\/page"}],"author":[{"embeddable":true,"href":"https:\/\/www.arts-martiaux-coreens.com\/index.php?rest_route=\/wp\/v2\/users\/1"}],"replies":[{"embeddable":true,"href":"https:\/\/www.arts-martiaux-coreens.com\/index.php?rest_route=%2Fwp%2Fv2%2Fcomments&post=84"}],"version-history":[{"count":3,"href":"https:\/\/www.arts-martiaux-coreens.com\/index.php?rest_route=\/wp\/v2\/pages\/84\/revisions"}],"predecessor-version":[{"id":89,"href":"https:\/\/www.arts-martiaux-coreens.com\/index.php?rest_route=\/wp\/v2\/pages\/84\/revisions\/89"}],"wp:attachment":[{"href":"https:\/\/www.arts-martiaux-coreens.com\/index.php?rest_route=%2Fwp%2Fv2%2Fmedia&parent=84"}],"curies":[{"name":"wp","href":"https:\/\/api.w.org\/{rel}","templated":true}]}}