{"id":90,"date":"2025-02-15T00:40:45","date_gmt":"2025-02-14T23:40:45","guid":{"rendered":"https:\/\/www.arts-martiaux-coreens.com\/?page_id=90"},"modified":"2025-02-15T00:41:08","modified_gmt":"2025-02-14T23:41:08","slug":"para-taekwondo","status":"publish","type":"page","link":"https:\/\/www.arts-martiaux-coreens.com\/?page_id=90","title":{"rendered":"PARA-TAEKWONDO"},"content":{"rendered":"\n<p>noms : para-taekwondo, para- tae kwon do, taekwondo paralympique<\/p>\n\n\n\n<p>principe : taekwondo adapt\u00e9 pour les handicap\u00e9s<\/p>\n\n\n\n<p>Pr\u00e9sentation :<\/p>\n\n\n\n<p>Le para-taekwondo est la pratique du taekwondo adapt\u00e9 pour les personnes handicap\u00e9es.<\/p>\n\n\n\n<p>De activit\u00e9s diverses sont propos\u00e9es : entrainements, comp\u00e9tition combats, comp\u00e9tition poomsee, arbitrages, d\u00e9monstrations, etc.<\/p>\n\n\n\n<p>Lors des comp\u00e9titions de para-taekwondo, les participants sont class\u00e9s par cat\u00e9gories en fonctions de la nature de leurs handicaps.<\/p>\n\n\n\n<p>Le para-taekwondo est pr\u00e9sent dans la f\u00e9d\u00e9ration World Taekwondo.<\/p>\n\n\n\n<figure class=\"wp-block-image size-full\"><img loading=\"lazy\" decoding=\"async\" width=\"275\" height=\"183\" src=\"https:\/\/www.arts-martiaux-coreens.com\/wp-content\/uploads\/2025\/02\/logo-world-tkd-1.jpg\" alt=\"\" class=\"wp-image-91\"\/><\/figure>\n\n\n\n<p>Bravo aux pratiquants de para-taekwondo, ils sont de v\u00e9ritables champions !<\/p>\n\n\n\n<figure class=\"wp-block-image size-full\"><img loading=\"lazy\" decoding=\"async\" width=\"940\" height=\"433\" src=\"https:\/\/www.arts-martiaux-coreens.com\/wp-content\/uploads\/2025\/02\/tkd-beaupreau-cours-ouverture-a-lhandicap-2022.jpg\" alt=\"\" class=\"wp-image-92\" srcset=\"https:\/\/www.arts-martiaux-coreens.com\/wp-content\/uploads\/2025\/02\/tkd-beaupreau-cours-ouverture-a-lhandicap-2022.jpg 940w, https:\/\/www.arts-martiaux-coreens.com\/wp-content\/uploads\/2025\/02\/tkd-beaupreau-cours-ouverture-a-lhandicap-2022-300x138.jpg 300w, https:\/\/www.arts-martiaux-coreens.com\/wp-content\/uploads\/2025\/02\/tkd-beaupreau-cours-ouverture-a-lhandicap-2022-768x354.jpg 768w, https:\/\/www.arts-martiaux-coreens.com\/wp-content\/uploads\/2025\/02\/tkd-beaupreau-cours-ouverture-a-lhandicap-2022-500x230.jpg 500w\" sizes=\"auto, (max-width: 940px) 100vw, 940px\" \/><\/figure>\n\n\n\n<p>Photo : cours de para-taekwondo au club de BEAUPRAU (FRANCE) en 2022.<\/p>\n\n\n\n<p><\/p>\n\n\n\n<figure class=\"wp-block-embed is-type-video is-provider-youtube wp-block-embed-youtube wp-embed-aspect-16-9 wp-has-aspect-ratio\"><div class=\"wp-block-embed__wrapper\">\n<iframe loading=\"lazy\" title=\"Morocco Para-Taekwondo Demonstration Team\" width=\"584\" height=\"329\" src=\"https:\/\/www.youtube.com\/embed\/oloktyimXKQ?feature=oembed\" frameborder=\"0\" allow=\"accelerometer; autoplay; clipboard-write; encrypted-media; gyroscope; picture-in-picture; web-share\" referrerpolicy=\"strict-origin-when-cross-origin\" allowfullscreen><\/iframe>\n<\/div><\/figure>\n\n\n\n<figure class=\"wp-block-embed is-type-video is-provider-youtube wp-block-embed-youtube wp-embed-aspect-4-3 wp-has-aspect-ratio\"><div class=\"wp-block-embed__wrapper\">\n<iframe loading=\"lazy\" title=\"Taekwondoceara Jogos ParaLimpico do Ceara 2011\" width=\"584\" height=\"438\" src=\"https:\/\/www.youtube.com\/embed\/D606Erf-WMI?feature=oembed\" frameborder=\"0\" allow=\"accelerometer; autoplay; clipboard-write; encrypted-media; gyroscope; picture-in-picture; web-share\" referrerpolicy=\"strict-origin-when-cross-origin\" allowfullscreen><\/iframe>\n<\/div><\/figure>\n\n\n\n<figure class=\"wp-block-embed is-type-video is-provider-youtube wp-block-embed-youtube wp-embed-aspect-16-9 wp-has-aspect-ratio\"><div class=\"wp-block-embed__wrapper\">\n<iframe loading=\"lazy\" title=\"[K44 MALE \/ -61kg] 5TH WTF WORLD PARA-TAEKWONDO CHAMPIONSHIPS FINAL\" width=\"584\" height=\"329\" src=\"https:\/\/www.youtube.com\/embed\/B86BJ6EYdS4?feature=oembed\" frameborder=\"0\" allow=\"accelerometer; autoplay; clipboard-write; encrypted-media; gyroscope; picture-in-picture; web-share\" referrerpolicy=\"strict-origin-when-cross-origin\" allowfullscreen><\/iframe>\n<\/div><\/figure>\n\n\n\n<figure class=\"wp-block-embed is-type-video is-provider-youtube wp-block-embed-youtube wp-embed-aspect-16-9 wp-has-aspect-ratio\"><div class=\"wp-block-embed__wrapper\">\n<iframe loading=\"lazy\" title=\"World Champion Para-Taekwondo (Vika&#039;s Dream)\" width=\"584\" height=\"329\" src=\"https:\/\/www.youtube.com\/embed\/smeSO04dn6s?feature=oembed\" frameborder=\"0\" allow=\"accelerometer; autoplay; clipboard-write; encrypted-media; gyroscope; picture-in-picture; web-share\" referrerpolicy=\"strict-origin-when-cross-origin\" allowfullscreen><\/iframe>\n<\/div><\/figure>\n\n\n\n<p>Liens :<\/p>\n\n\n\n<p>http:\/\/www.ffsa.asso.fr\/<\/p>\n\n\n\n<p>http:\/\/www.handiguide.sports.gouv.fr\/<\/p>\n\n\n\n<p>http:\/\/paratkd.com\/<\/p>\n\n\n\n<p>http:\/\/www.worldtaekwondo.org\/magazine\/para-taekwondo\/<\/p>\n\n\n\n<p>http:\/\/www.fftda.fr\/fr\/331-para-taekwondo.html<\/p>\n\n\n\n<pre class=\"wp-block-code\"><code><\/code><\/pre>\n","protected":false},"excerpt":{"rendered":"<p>noms : para-taekwondo, para- tae kwon do, taekwondo paralympique principe : taekwondo adapt\u00e9 pour les handicap\u00e9s Pr\u00e9sentation : Le para-taekwondo est la pratique du taekwondo adapt\u00e9 pour les personnes handicap\u00e9es. De activit\u00e9s diverses sont propos\u00e9es : entrainements, comp\u00e9tition combats, comp\u00e9tition &hellip; <a href=\"https:\/\/www.arts-martiaux-coreens.com\/?page_id=90\">Continuer la lecture <span class=\"meta-nav\">&rarr;<\/span><\/a><\/p>\n","protected":false},"author":1,"featured_media":0,"parent":0,"menu_order":0,"comment_status":"closed","ping_status":"closed","template":"","meta":{"footnotes":""},"class_list":["post-90","page","type-page","status-publish","hentry"],"_links":{"self":[{"href":"https:\/\/www.arts-martiaux-coreens.com\/index.php?rest_route=\/wp\/v2\/pages\/90","targetHints":{"allow":["GET"]}}],"collection":[{"href":"https:\/\/www.arts-martiaux-coreens.com\/index.php?rest_route=\/wp\/v2\/pages"}],"about":[{"href":"https:\/\/www.arts-martiaux-coreens.com\/index.php?rest_route=\/wp\/v2\/types\/page"}],"author":[{"embeddable":true,"href":"https:\/\/www.arts-martiaux-coreens.com\/index.php?rest_route=\/wp\/v2\/users\/1"}],"replies":[{"embeddable":true,"href":"https:\/\/www.arts-martiaux-coreens.com\/index.php?rest_route=%2Fwp%2Fv2%2Fcomments&post=90"}],"version-history":[{"count":3,"href":"https:\/\/www.arts-martiaux-coreens.com\/index.php?rest_route=\/wp\/v2\/pages\/90\/revisions"}],"predecessor-version":[{"id":95,"href":"https:\/\/www.arts-martiaux-coreens.com\/index.php?rest_route=\/wp\/v2\/pages\/90\/revisions\/95"}],"wp:attachment":[{"href":"https:\/\/www.arts-martiaux-coreens.com\/index.php?rest_route=%2Fwp%2Fv2%2Fmedia&parent=90"}],"curies":[{"name":"wp","href":"https:\/\/api.w.org\/{rel}","templated":true}]}}