{"id":98,"date":"2025-02-15T00:46:19","date_gmt":"2025-02-14T23:46:19","guid":{"rendered":"https:\/\/www.arts-martiaux-coreens.com\/?page_id=98"},"modified":"2025-02-15T00:46:46","modified_gmt":"2025-02-14T23:46:46","slug":"bulmudo","status":"publish","type":"page","link":"https:\/\/www.arts-martiaux-coreens.com\/?page_id=98","title":{"rendered":"BULMUDO"},"content":{"rendered":"\n<p>noms : bulmudo, bul mudo, bulmoodo, bul moodo<\/p>\n\n\n\n<p>principe : gymnastique cor\u00e9enne ancestrale<\/p>\n\n\n\n<p>origine : cor\u00e9e<\/p>\n\n\n\n<p>fondateur : moines boudhistes, moine Yang IK<\/p>\n\n\n\n<p>Pr\u00e9sentation :<\/p>\n\n\n\n<p>La traduction et signification de bulmodo est : \u00ab bul \u00bb bouddhiste, et \u00ab mudo \u00bb art-martial.<\/p>\n\n\n\n<p>Le bulmudo a \u00e9t\u00e9 modernis\u00e9 par le moine Yang IK \u00e0 partir d\u2019anciennes techniques monast\u00e9riales en 1940 dans le temple de BEOMOSA.<\/p>\n\n\n\n<p>Le temple de BEOMOSA en Cor\u00e9e du Sud.<\/p>\n\n\n\n<figure class=\"wp-block-image size-full\"><img loading=\"lazy\" decoding=\"async\" width=\"800\" height=\"532\" src=\"https:\/\/www.arts-martiaux-coreens.com\/wp-content\/uploads\/2025\/02\/arts-martiaux-coreens-wiki-commons-Beomeosa_Temple.jpg\" alt=\"\" class=\"wp-image-99\" srcset=\"https:\/\/www.arts-martiaux-coreens.com\/wp-content\/uploads\/2025\/02\/arts-martiaux-coreens-wiki-commons-Beomeosa_Temple.jpg 800w, https:\/\/www.arts-martiaux-coreens.com\/wp-content\/uploads\/2025\/02\/arts-martiaux-coreens-wiki-commons-Beomeosa_Temple-300x200.jpg 300w, https:\/\/www.arts-martiaux-coreens.com\/wp-content\/uploads\/2025\/02\/arts-martiaux-coreens-wiki-commons-Beomeosa_Temple-768x511.jpg 768w, https:\/\/www.arts-martiaux-coreens.com\/wp-content\/uploads\/2025\/02\/arts-martiaux-coreens-wiki-commons-Beomeosa_Temple-451x300.jpg 451w\" sizes=\"auto, (max-width: 800px) 100vw, 800px\" \/><\/figure>\n\n\n\n<p>Le bulmodo est une gymnastique con\u00e7ue et pratiqu\u00e9 \u00e0 la base par les moines. On peut le pratiquer avec un aspect religieux ou pas.<\/p>\n\n\n\n<p>La m\u00e9ditation et la relaxation font parties de la pratique du bulmudo. Il entre dans la cat\u00e9gorie des arts martiaux dit \u00ab internes \u00bb.<\/p>\n\n\n\n<p>Vid\u00e9os :<\/p>\n\n\n\n<figure class=\"wp-block-embed is-type-video is-provider-youtube wp-block-embed-youtube wp-embed-aspect-4-3 wp-has-aspect-ratio\"><div class=\"wp-block-embed__wrapper\">\n<iframe loading=\"lazy\" title=\"Grandmaster Dosa Kwon Bul Moo Do training\" width=\"584\" height=\"438\" src=\"https:\/\/www.youtube.com\/embed\/Z4Xzf922-IQ?start=139&#038;feature=oembed\" frameborder=\"0\" allow=\"accelerometer; autoplay; clipboard-write; encrypted-media; gyroscope; picture-in-picture; web-share\" referrerpolicy=\"strict-origin-when-cross-origin\" allowfullscreen><\/iframe>\n<\/div><\/figure>\n\n\n\n<p><\/p>\n\n\n\n<p>Liens :<\/p>\n\n\n\n<p>http:\/\/www.seonbikwan.com\/Disciplines\/Bul_Mudo\/origines.html<\/p>\n\n\n\n<p>http:\/\/www.daehan-hapkido.org (voir page les discplines)<\/p>\n\n\n\n<p>http:\/\/en.wikipedia.org\/wiki\/Beomeosa<\/p>\n\n\n\n<p>Mots cl\u00e9s : arts martiaux cor\u00e9ens, arts martiaux cor\u00e9e, arts martiaux coreens, arts martiaux coree, art martial cor\u00e9en, art martial coreen, taekwondo, tae kwon do, hapkido, hap ki do, bulmudo, bul mudo, bulmoodo, bul moodo, haidong gumdo, hankumudo, hankido, han ki do, ankido, hapkido, hap ki do, hapkimudo, hap ki mu do, hoshin moosol, hwarangdo, hwa rang do, sonrang, muyejebo, muyechebo, Muyesinbo, Muyeshinbo, para-taekwondo, para- tae kon do, taekwondo paraolympique, shin bop, sul sa do, sonmudo, son mu do, sunmudo, sun mu do, yoga cor\u00e9en, kum kan yung kwan, ssang jul gon, mouhebong, ssireum, lutte cor\u00e9enne, subak, su bak do, soobak, soo bak do, tae soo do, taesoodo, taekkyon, taekkyeon, taekgyeon, taekyun, taekyon, tae kyon, taekwondo ITF, tae kwon do ITF, taekwondo mouhebong, tae kwon do mouhebong, taekwondo WTF, tae kwon do WTF, taekwonkido, tangsoodo, tang soo do, tangsudo, tang su do, yudo, Kyeoktooki, Kyeok too ki, kyuktooki, kyuk too ki, MUSAT, M.U.S.A.T, Kungekdo, Kun Gek Do, Kuk Sool Won, kuksoolwon, Guk Sul Weon, Kuk Sul W\u01d2n, combaton, tae bo, tae-bo, taebo, tae bo fitness, rhykwon, rhy-kwon, rhy kwon, kwonbop, kwon bop, kwon-bop kownbup, kwon bup, kwon-bup, gwonbeop, gwon beop, gwon-beop, Yusool, yu sool, yusul, yu sul, hapkido gongkwon yusul<\/p>\n","protected":false},"excerpt":{"rendered":"<p>noms : bulmudo, bul mudo, bulmoodo, bul moodo principe : gymnastique cor\u00e9enne ancestrale origine : cor\u00e9e fondateur : moines boudhistes, moine Yang IK Pr\u00e9sentation : La traduction et signification de bulmodo est : \u00ab bul \u00bb bouddhiste, et \u00ab mudo &hellip; <a href=\"https:\/\/www.arts-martiaux-coreens.com\/?page_id=98\">Continuer la lecture <span class=\"meta-nav\">&rarr;<\/span><\/a><\/p>\n","protected":false},"author":1,"featured_media":0,"parent":0,"menu_order":0,"comment_status":"closed","ping_status":"closed","template":"","meta":{"footnotes":""},"class_list":["post-98","page","type-page","status-publish","hentry"],"_links":{"self":[{"href":"https:\/\/www.arts-martiaux-coreens.com\/index.php?rest_route=\/wp\/v2\/pages\/98","targetHints":{"allow":["GET"]}}],"collection":[{"href":"https:\/\/www.arts-martiaux-coreens.com\/index.php?rest_route=\/wp\/v2\/pages"}],"about":[{"href":"https:\/\/www.arts-martiaux-coreens.com\/index.php?rest_route=\/wp\/v2\/types\/page"}],"author":[{"embeddable":true,"href":"https:\/\/www.arts-martiaux-coreens.com\/index.php?rest_route=\/wp\/v2\/users\/1"}],"replies":[{"embeddable":true,"href":"https:\/\/www.arts-martiaux-coreens.com\/index.php?rest_route=%2Fwp%2Fv2%2Fcomments&post=98"}],"version-history":[{"count":2,"href":"https:\/\/www.arts-martiaux-coreens.com\/index.php?rest_route=\/wp\/v2\/pages\/98\/revisions"}],"predecessor-version":[{"id":101,"href":"https:\/\/www.arts-martiaux-coreens.com\/index.php?rest_route=\/wp\/v2\/pages\/98\/revisions\/101"}],"wp:attachment":[{"href":"https:\/\/www.arts-martiaux-coreens.com\/index.php?rest_route=%2Fwp%2Fv2%2Fmedia&parent=98"}],"curies":[{"name":"wp","href":"https:\/\/api.w.org\/{rel}","templated":true}]}}